{"id":1076,"date":"2018-05-08T17:35:10","date_gmt":"2018-05-08T15:35:10","guid":{"rendered":"http:\/\/waarschip-725-auf-langer-fahrt.de\/?page_id=1076"},"modified":"2021-09-16T11:58:54","modified_gmt":"2021-09-16T09:58:54","slug":"round-channel","status":"publish","type":"page","link":"https:\/\/waarschip-725-auf-langer-fahrt.de\/es\/round-channel\/","title":{"rendered":"Round Channel"},"content":{"rendered":"<p>25. Mai 2018<\/p>\n<p>So, nun geht es endlich los Richtung Westen, ein zweites Mal nach 2016. Bis Boulogne-sur-Mer wird es die gleiche Strecke sein, ab da aber will ich auf die englische Kanalseite wechseln. Von dort an beginnt die Runde im Kanal, \u201eRound Channel\u201c eben.<\/p>\n<p>Ein wenig wei\u00df ich ja, auf was ich mich einlasse:<\/p>\n<ul>\n<li>Ein au\u00dfergew\u00f6hnliches Revier, nicht dass ich Ostsee und die deutsche Nordseek\u00fcste als langweilig hinstellen m\u00f6chte. Das sind sch\u00f6ne und spannende Reviere. \u00a0Ich brauche aber einfach die Herausforderung, sowohl seglerisch als auch mental.<\/li>\n<li>Entdecken anderer Lebensweisen, anderer Kultur. Keine Sightseeingtour nach dem Motto, das musst du gesehen haben, da musst du hin. Ich suche die Dinge abseits der bekannten Routen und Pl\u00e4tze.<\/li>\n<li>Und das Leben an Bord ist ja auch anders. Weniger zu haben, sich auf das Existenzielle einschr\u00e4nken. Eine Lebensqualit\u00e4t erfahren, die man im normalen Alltag nicht mehr kennt. Ein Leben abseits der \u201eDiktatur des Geldes\u201c (der Mann in Rom hat manchmal tolle Formulierungen). Eine Welt, in der man sich nicht einfach alles kaufen kann oder will.<\/li>\n<\/ul>\n<p>Das ist die Welt da drau\u00dfen, auf kleinem Boot und mit wenig Budget.<\/p>\n<p>Ich werde versuchen, m\u00f6glichst viel davon festzuhalten und in meinem Blog zu dokumentieren.<\/p>\n<p>In diesem Untermen\u00fc <a href=\"http:\/\/waarschip-725-auf-langer-fahrt.de\/?page_id=1079\">Auf nach England\u00a0<\/a>beginnen meine Berichte.<\/p>\n","protected":false},"excerpt":{"rendered":"<p>25. Mai 2018 So, nun geht es endlich los Richtung Westen, ein zweites Mal nach 2016. Bis Boulogne-sur-Mer wird es die gleiche Strecke sein, ab da aber will ich auf die englische Kanalseite wechseln. Von dort an beginnt die Runde im Kanal, \u201eRound Channel\u201c eben. Ein wenig wei\u00df ich ja, auf was ich mich einlasse: [&hellip;]<\/p>\n","protected":false},"author":7,"featured_media":0,"parent":0,"menu_order":0,"comment_status":"closed","ping_status":"closed","template":"page-templates\/full-width.php","meta":{"footnotes":""},"class_list":["post-1076","page","type-page","status-publish","hentry"],"translation":{"provider":"WPGlobus","version":"3.0.2","language":"es","enabled_languages":["de","gb","fr","es"],"languages":{"de":{"title":true,"content":true,"excerpt":false},"gb":{"title":true,"content":true,"excerpt":false},"fr":{"title":true,"content":true,"excerpt":false},"es":{"title":false,"content":false,"excerpt":false}}},"_links":{"self":[{"href":"https:\/\/waarschip-725-auf-langer-fahrt.de\/es\/wp-json\/wp\/v2\/pages\/1076","targetHints":{"allow":["GET"]}}],"collection":[{"href":"https:\/\/waarschip-725-auf-langer-fahrt.de\/es\/wp-json\/wp\/v2\/pages"}],"about":[{"href":"https:\/\/waarschip-725-auf-langer-fahrt.de\/es\/wp-json\/wp\/v2\/types\/page"}],"author":[{"embeddable":true,"href":"https:\/\/waarschip-725-auf-langer-fahrt.de\/es\/wp-json\/wp\/v2\/users\/7"}],"replies":[{"embeddable":true,"href":"https:\/\/waarschip-725-auf-langer-fahrt.de\/es\/wp-json\/wp\/v2\/comments?post=1076"}],"version-history":[{"count":14,"href":"https:\/\/waarschip-725-auf-langer-fahrt.de\/es\/wp-json\/wp\/v2\/pages\/1076\/revisions"}],"predecessor-version":[{"id":2001,"href":"https:\/\/waarschip-725-auf-langer-fahrt.de\/es\/wp-json\/wp\/v2\/pages\/1076\/revisions\/2001"}],"wp:attachment":[{"href":"https:\/\/waarschip-725-auf-langer-fahrt.de\/es\/wp-json\/wp\/v2\/media?parent=1076"}],"curies":[{"name":"wp","href":"https:\/\/api.w.org\/{rel}","templated":true}]}}