{"id":2189,"date":"2022-07-25T19:16:50","date_gmt":"2022-07-25T17:16:50","guid":{"rendered":"https:\/\/waarschip-725-auf-langer-fahrt.de\/?page_id=2189"},"modified":"2024-10-03T10:34:58","modified_gmt":"2024-10-03T08:34:58","slug":"redondo-iberia","status":"publish","type":"page","link":"https:\/\/waarschip-725-auf-langer-fahrt.de\/es\/redondo-iberia\/","title":{"rendered":"Redondo iberia"},"content":{"rendered":"\n<p>Las cosas siempre salen de forma diferente a la prevista. Mi fecha de inicio original, a mediados de mayo, se fue retrasando. Ahora probablemente tendr\u00e9 que prepararme para algunos viajes largos. Quiero llegar al Golfo de Vizcaya a mediados de agosto. &nbsp;Bueno, lo ver\u00e1s aqu\u00ed.<\/p>\n\n\n\n<p>Elemento de men\u00fa adicional: <a href=\"https:\/\/waarschip-725-auf-langer-fahrt.de\/es\/ein-anderes-reise-narrativ\/\" data-type=\"URL\" data-id=\"https:\/\/waarschip-725-auf-langer-fahrt.de\/es\/ein-anderes-reise-narrativ\/\">Otra narracion de viaje<\/a><\/p>\n\n\n\n<p>Primer elemento del men\u00fa: <a href=\"https:\/\/waarschip-725-auf-langer-fahrt.de\/es\/wedel-cherbourg\/\" data-type=\"page\">Wedel &#8211; Cherbourg<\/a><\/p>\n\n\n\n<p>Segundo elemento del men\u00fa: <a href=\"https:\/\/waarschip-725-auf-langer-fahrt.de\/es\/cherbourg-la-rochelle\/\" data-type=\"page\">Cherbourg &#8211; La Rochelle<\/a><\/p>\n\n\n\n<p>Tercer elemento del men\u00fa: <a href=\"https:\/\/waarschip-725-auf-langer-fahrt.de\/es\/la-rochelle-a-coruna\/\" data-type=\"page\">La Rochelle &#8211; A Coru\u00f1a<\/a><\/p>\n\n\n\n<p>Cuarto elemento del men\u00fa: <a href=\"https:\/\/waarschip-725-auf-langer-fahrt.de\/es\/galicia\/\" data-type=\"page\">Galicia<\/a><\/p>\n\n\n\n<p>Cuinto elemento del men\u00fa: <a href=\"https:\/\/waarschip-725-auf-langer-fahrt.de\/es\/portugal-norte\/\" data-type=\"page\">Portugal nort<\/a><\/p>\n\n\n\n<p>Sexto elemento del men\u00fa: <a href=\"https:\/\/waarschip-725-auf-langer-fahrt.de\/es\/andalucia\/\" data-type=\"page\" data-id=\"3905\">Sud de Portugal<\/a><\/p>\n\n\n\n<p>S\u00e9ptimo elemento del men\u00fa: <a href=\"https:\/\/waarschip-725-auf-langer-fahrt.de\/es\/andalucia\/\" data-type=\"page\" data-id=\"3905\">Andaluc\u00eda<\/a><\/p>\n\n\n\n<p>octavo elemento del men\u00fa: <a href=\"https:\/\/waarschip-725-auf-langer-fahrt.de\/es\/murcia-und-valencia\/\" data-type=\"page\" data-id=\"4231\">Murcia y Valncia<\/a><\/p>\n\n\n\n<p>noveno elemento del men\u00fa: <a href=\"https:\/\/waarschip-725-auf-langer-fahrt.de\/es\/catalonia\/\" data-type=\"page\" data-id=\"4323\">Catalunya<\/a><\/p>\n\n\n\n<p>d\u00e9cimo elemento del men\u00fa: <a href=\"https:\/\/waarschip-725-auf-langer-fahrt.de\/es\/suedfrankreich\/\" data-type=\"page\" data-id=\"4501\">Sur de francia<\/a><\/p>\n\n\n\n<p>und\u00e9cimo elemento del men\u00fa: <a href=\"https:\/\/waarschip-725-auf-langer-fahrt.de\/es\/atlantik-biskaya\/\" data-type=\"page\" data-id=\"4648\">Atl\u00e1ntico &#8211; Vizcaya<\/a><\/p>\n\n\n\n<p>duod\u00e9cimo elemento del men\u00fa: <a href=\"https:\/\/waarschip-725-auf-langer-fahrt.de\/es\/von-roscoff-bis-calais\/\" data-type=\"page\" data-id=\"4833\">Roscoff &#8211; Calais<\/a><\/p>\n\n\n\n<p>decimotercer elemento del men\u00fa: <a href=\"https:\/\/waarschip-725-auf-langer-fahrt.de\/es\/nieuwpoort-wedel\/\" data-type=\"page\" data-id=\"5236\">Nieuwpoort &#8211; Wedel<\/a><\/p>\n\n\n\n<p>\u00a0<\/p>\n","protected":false},"excerpt":{"rendered":"<p>Las cosas siempre salen de forma diferente a la prevista. Mi fecha de inicio original, a mediados de mayo, se fue retrasando. Ahora probablemente tendr\u00e9 que prepararme para algunos viajes largos. Quiero llegar al Golfo de Vizcaya a mediados de agosto. &nbsp;Bueno, lo ver\u00e1s aqu\u00ed. Elemento de men\u00fa adicional: Otra narracion de viaje Primer elemento [&hellip;]<\/p>\n","protected":false},"author":8,"featured_media":0,"parent":0,"menu_order":0,"comment_status":"closed","ping_status":"closed","template":"page-templates\/full-width.php","meta":{"footnotes":""},"class_list":["post-2189","page","type-page","status-publish","hentry"],"translation":{"provider":"WPGlobus","version":"3.0.2","language":"es","enabled_languages":["de","gb","fr","es"],"languages":{"de":{"title":true,"content":true,"excerpt":false},"gb":{"title":false,"content":true,"excerpt":false},"fr":{"title":false,"content":true,"excerpt":false},"es":{"title":false,"content":true,"excerpt":false}}},"_links":{"self":[{"href":"https:\/\/waarschip-725-auf-langer-fahrt.de\/es\/wp-json\/wp\/v2\/pages\/2189","targetHints":{"allow":["GET"]}}],"collection":[{"href":"https:\/\/waarschip-725-auf-langer-fahrt.de\/es\/wp-json\/wp\/v2\/pages"}],"about":[{"href":"https:\/\/waarschip-725-auf-langer-fahrt.de\/es\/wp-json\/wp\/v2\/types\/page"}],"author":[{"embeddable":true,"href":"https:\/\/waarschip-725-auf-langer-fahrt.de\/es\/wp-json\/wp\/v2\/users\/8"}],"replies":[{"embeddable":true,"href":"https:\/\/waarschip-725-auf-langer-fahrt.de\/es\/wp-json\/wp\/v2\/comments?post=2189"}],"version-history":[{"count":77,"href":"https:\/\/waarschip-725-auf-langer-fahrt.de\/es\/wp-json\/wp\/v2\/pages\/2189\/revisions"}],"predecessor-version":[{"id":5508,"href":"https:\/\/waarschip-725-auf-langer-fahrt.de\/es\/wp-json\/wp\/v2\/pages\/2189\/revisions\/5508"}],"wp:attachment":[{"href":"https:\/\/waarschip-725-auf-langer-fahrt.de\/es\/wp-json\/wp\/v2\/media?parent=2189"}],"curies":[{"name":"wp","href":"https:\/\/api.w.org\/{rel}","templated":true}]}}