{"id":2927,"date":"2023-01-27T11:05:17","date_gmt":"2023-01-27T10:05:17","guid":{"rendered":"https:\/\/waarschip-725-auf-langer-fahrt.de\/?page_id=2927"},"modified":"2023-07-14T20:55:14","modified_gmt":"2023-07-14T18:55:14","slug":"ein-anderes-reise-narrativ","status":"publish","type":"page","link":"https:\/\/waarschip-725-auf-langer-fahrt.de\/es\/ein-anderes-reise-narrativ\/","title":{"rendered":"Otra narraci\u00f3n de viaje"},"content":{"rendered":"\n<p>En 2018, conoc\u00ed a curiosos ingleses en Francia que se interesaron no solo por mi viaje en una peque\u00f1a embarcaci\u00f3n, sino tambi\u00e9n por mi motivaci\u00f3n para hacerlo as\u00ed. Dijeron que deb\u00eda de tener una preocupaci\u00f3n especial para emprender semejantes viajes en un barco poco confortable. Tampoco me interesar\u00eda \u00abcoleccionar trofeos\u00bb, es decir, llegar a destinos lejanos, recalar en muchos puertos o hacer el mayor n\u00famero posible de millas bajo mi quilla. Con demasiada frecuencia me tumbaba en el puerto y miraba a mi alrededor, dejando que la zona y la gente me afectaran. Probablemente, estar\u00eda m\u00e1s al acecho, intentando averiguar algo. Hay m\u00e1s gente as\u00ed de la que uno cree: gente que pasa mucho tiempo en su barco, lo convierte en el centro de su vida y est\u00e1 muy contenta consigo misma.<\/p>\n\n\n\n<p>En ese momento lo sent\u00ed m\u00e1s y adivin\u00e9 lo que esperaba encontrar. Cuando buscas algo, quieres encontrar algo. A veces descubres algo que en realidad siempre ha estado ah\u00ed, en casa. Una de las primeras cosas que not\u00e9 cuando volv\u00ed a Hamburgo: aqu\u00ed se despotrica mucho. Adem\u00e1s, el trabajo parece ser lo m\u00e1s importante de la vida, siempre presente, en la conversaci\u00f3n (todo terriblemente agotador), en cada cita (no tengo tiempo) y en el paisaje urbano (gente agitada). Algunos afirman que esto es \u00abla vida real\u00bb. En mi viaje, estos fen\u00f3menos no existieron.<\/p>\n\n\n\n<p>En mi viaje en velero por el borde del mundo agitado, no me interesa tomarme una especie de tiempo muerto, de apartarme de la \u00abvida real\u00bb durante un tiempo. No, busco respuestas a la pregunta de si tambi\u00e9n podemos sentir, pensar y actuar de forma diferente. Para comprender el otro pensar, el otro sentir y el otro actuar, hay que liberarse de las estructuras que lo aprisionan. Estar mucho tiempo en la carretera, navegar mucho tiempo, parece ser una buena manera de hacerlo. Pero esta liberaci\u00f3n de obligaciones, plazos y tensiones no se produce autom\u00e1ticamente. Tambi\u00e9n conoc\u00ed a algunos navegantes que viajaban siguiendo un horario. Por ejemplo, ya hab\u00edan reservado un vuelo de vuelta a alg\u00fan lugar. All\u00ed ten\u00edan que ir, por muy bonito que fuera, por su estado de \u00e1nimo o por el tiempo que hiciera.<\/p>\n\n\n\n<p>Esta vez tambi\u00e9n estoy conduciendo muy r\u00e1pido porque quiero circunnavegar Espa\u00f1a, as\u00ed que con un objetivo. Mi agenda se ralentiz\u00f3 un poco en Aber Wrac&#8217;h, pero principalmente en el norte de Espa\u00f1a. Fueron lugares con d\u00edas de puerto m\u00e1s largos donde me di cuenta de que tener tiempo es algo muy importante. Una es que nadie me obliga a estar de vuelta en mi puerto de origen en oto\u00f1o de 2023. El otro es un valor especial: hay que aprender a mirar el paso del tiempo. No tengo que hacer nada con \u00abmi tiempo\u00bb, no tengo que planificar nada ni hacer una lista. Todo puede ser pospuesto o incluso superfluo, pero no tiene por qu\u00e9 serlo.<\/p>\n\n\n\n<p>As\u00ed que decid\u00ed tomarme un respiro en Avil\u00e9s, escribir lo que hab\u00eda pasado para no olvidarlo. Era y es cada vez m\u00e1s dif\u00edcil recordar todos los peque\u00f1os eventos que me impresionaron. El car\u00e1cter distintivo de la experiencia se desvanece demasiado r\u00e1pido, especialmente cuando se trata del negocio diario de la navegaci\u00f3n. Enero 2023<\/p>\n","protected":false},"excerpt":{"rendered":"<p>En 2018, conoc\u00ed a curiosos ingleses en Francia que se interesaron no solo por mi viaje en una peque\u00f1a embarcaci\u00f3n, sino tambi\u00e9n por mi motivaci\u00f3n para hacerlo as\u00ed. Dijeron que deb\u00eda de tener una preocupaci\u00f3n especial para emprender semejantes viajes en un barco poco confortable. Tampoco me interesar\u00eda \u00abcoleccionar trofeos\u00bb, es decir, llegar a destinos [&hellip;]<\/p>\n","protected":false},"author":8,"featured_media":0,"parent":0,"menu_order":0,"comment_status":"closed","ping_status":"closed","template":"page-templates\/front-page.php","meta":{"footnotes":""},"class_list":["post-2927","page","type-page","status-publish","hentry"],"translation":{"provider":"WPGlobus","version":"3.0.2","language":"es","enabled_languages":["de","gb","fr","es"],"languages":{"de":{"title":true,"content":true,"excerpt":false},"gb":{"title":true,"content":true,"excerpt":false},"fr":{"title":true,"content":true,"excerpt":false},"es":{"title":true,"content":true,"excerpt":false}}},"_links":{"self":[{"href":"https:\/\/waarschip-725-auf-langer-fahrt.de\/es\/wp-json\/wp\/v2\/pages\/2927","targetHints":{"allow":["GET"]}}],"collection":[{"href":"https:\/\/waarschip-725-auf-langer-fahrt.de\/es\/wp-json\/wp\/v2\/pages"}],"about":[{"href":"https:\/\/waarschip-725-auf-langer-fahrt.de\/es\/wp-json\/wp\/v2\/types\/page"}],"author":[{"embeddable":true,"href":"https:\/\/waarschip-725-auf-langer-fahrt.de\/es\/wp-json\/wp\/v2\/users\/8"}],"replies":[{"embeddable":true,"href":"https:\/\/waarschip-725-auf-langer-fahrt.de\/es\/wp-json\/wp\/v2\/comments?post=2927"}],"version-history":[{"count":11,"href":"https:\/\/waarschip-725-auf-langer-fahrt.de\/es\/wp-json\/wp\/v2\/pages\/2927\/revisions"}],"predecessor-version":[{"id":3443,"href":"https:\/\/waarschip-725-auf-langer-fahrt.de\/es\/wp-json\/wp\/v2\/pages\/2927\/revisions\/3443"}],"wp:attachment":[{"href":"https:\/\/waarschip-725-auf-langer-fahrt.de\/es\/wp-json\/wp\/v2\/media?parent=2927"}],"curies":[{"name":"wp","href":"https:\/\/api.w.org\/{rel}","templated":true}]}}