{"id":979,"date":"2017-06-23T10:29:36","date_gmt":"2017-06-23T08:29:36","guid":{"rendered":"http:\/\/waarschip-725-auf-langer-fahrt.de\/?page_id=979"},"modified":"2025-02-02T07:42:59","modified_gmt":"2025-02-02T06:42:59","slug":"aktuell","status":"publish","type":"page","link":"https:\/\/waarschip-725-auf-langer-fahrt.de\/es\/","title":{"rendered":"Nuestros viajes"},"content":{"rendered":"\n<p class=\"has-text-align-center has-medium-font-size\"><strong>No es el mar<\/strong><\/p>\n\n\n\n<p class=\"has-text-align-center has-medium-font-size\"><strong>que conquistamos,<\/strong><\/p>\n\n\n\n<p class=\"has-text-align-center has-medium-font-size\"><strong>nos conquistamos a nosotros mismos.<\/strong><\/p>\n\n\n\n<p class=\"has-text-align-right\">(basado libremente en Edmund Hillary)<\/p>\n\n\n\n<p>Hola y bienvenido<\/p>\n\n\n\n<p>En estas p\u00e1ginas cuento mis extraordinarios viajes con mi Waarschip 725, un peque\u00f1o barco con el que me aventur\u00e9 a la costa oeste de Europa y al Atl\u00e1ntico. En mi casa de Hamburgo comenc\u00e9 a interesarme por Europa occidental y sudoccidental.<\/p>\n\n\n\n<p>En 2016 navegu\u00e9 hacia el norte de Francia.<\/p>\n\n\n\n<p>En 2018 navegu\u00e9 por el canal de la Mancha y visit\u00e9 Inglaterra y Breta\u00f1a.<\/p>\n\n\n\n<p>De 2022 a 2024 hice un gran viaje a <a href=\"https:\/\/waarschip-725-auf-langer-fahrt.de\/es\/redondo-iberia\/\" data-type=\"page\" data-id=\"2189\">Portugal y Espa\u00f1a<\/a>.<\/p>\n\n\n\n<p>Fueron viajes de descubrimiento que no solo me llevaron a otras zonas de navegaci\u00f3n, sino tambi\u00e9n a otras formas de vida y culturas. Y fue un viaje a m\u00ed mismo.<\/p>\n\n\n\n<p>Tuve que dominar los retos de navegaci\u00f3n de los tramos costeros del norte y oeste de Francia, la costa norte de Espa\u00f1a y la costa oeste de Portugal. Evit\u00e9 la alta mar y apenas navegu\u00e9 de noche. En cambio, tuve que lidiar con las condiciones especiales del mar, las corrientes y las condiciones meteorol\u00f3gicas, sobre todo en los numerosos cabos, desde el Cap de la Hague hasta el Cabo de S\u00e3o Vicente y Gibraltar.<\/p>\n\n\n\n<p>Los marineros franceses, espa\u00f1oles y portugueses me mostraron mucho respeto, sobre todo en relaci\u00f3n con mi peque\u00f1\u00edsimo barco. Tambi\u00e9n experiment\u00e9 una cortes\u00eda, calidez y caras sonrientes que casi nunca hab\u00eda experimentado antes. Por supuesto, esto tambi\u00e9n me marc\u00f3, adem\u00e1s de la \u00abCora\u00e7ao no mar\u00bb (coraz\u00f3n en el mar), como se llama en Portugal a la \u00edntima conexi\u00f3n con el mar.<\/p>\n\n\n\n<p>Mi vida en un espacio reducido se vio recompensada con un horizonte infinito y mucha paz y tranquilidad. Experiment\u00e9 la distancia de un mundo loco lleno de cosas que no necesitas y la distancia de un mundo lleno de discursos in\u00fatiles. \u00a1\u00a1Fuera de Babilonia!!<\/p>\n\n\n\n<p>Enero de 2025<\/p>\n","protected":false},"excerpt":{"rendered":"<p>No es el mar que conquistamos, nos conquistamos a nosotros mismos. (basado libremente en Edmund Hillary) Hola y bienvenido En estas p\u00e1ginas cuento mis extraordinarios viajes con mi Waarschip 725, un peque\u00f1o barco con el que me aventur\u00e9 a la costa oeste de Europa y al Atl\u00e1ntico. En mi casa de Hamburgo comenc\u00e9 a interesarme [&hellip;]<\/p>\n","protected":false},"author":7,"featured_media":0,"parent":0,"menu_order":0,"comment_status":"closed","ping_status":"closed","template":"page-templates\/front-page.php","meta":{"footnotes":""},"class_list":["post-979","page","type-page","status-publish","hentry"],"translation":{"provider":"WPGlobus","version":"3.0.2","language":"es","enabled_languages":["de","gb","fr","es"],"languages":{"de":{"title":true,"content":true,"excerpt":false},"gb":{"title":true,"content":true,"excerpt":false},"fr":{"title":true,"content":true,"excerpt":false},"es":{"title":true,"content":true,"excerpt":false}}},"_links":{"self":[{"href":"https:\/\/waarschip-725-auf-langer-fahrt.de\/es\/wp-json\/wp\/v2\/pages\/979","targetHints":{"allow":["GET"]}}],"collection":[{"href":"https:\/\/waarschip-725-auf-langer-fahrt.de\/es\/wp-json\/wp\/v2\/pages"}],"about":[{"href":"https:\/\/waarschip-725-auf-langer-fahrt.de\/es\/wp-json\/wp\/v2\/types\/page"}],"author":[{"embeddable":true,"href":"https:\/\/waarschip-725-auf-langer-fahrt.de\/es\/wp-json\/wp\/v2\/users\/7"}],"replies":[{"embeddable":true,"href":"https:\/\/waarschip-725-auf-langer-fahrt.de\/es\/wp-json\/wp\/v2\/comments?post=979"}],"version-history":[{"count":93,"href":"https:\/\/waarschip-725-auf-langer-fahrt.de\/es\/wp-json\/wp\/v2\/pages\/979\/revisions"}],"predecessor-version":[{"id":5601,"href":"https:\/\/waarschip-725-auf-langer-fahrt.de\/es\/wp-json\/wp\/v2\/pages\/979\/revisions\/5601"}],"wp:attachment":[{"href":"https:\/\/waarschip-725-auf-langer-fahrt.de\/es\/wp-json\/wp\/v2\/media?parent=979"}],"curies":[{"name":"wp","href":"https:\/\/api.w.org\/{rel}","templated":true}]}}