{"id":1076,"date":"2018-05-08T17:35:10","date_gmt":"2018-05-08T15:35:10","guid":{"rendered":"http:\/\/waarschip-725-auf-langer-fahrt.de\/?page_id=1076"},"modified":"2021-09-16T11:58:54","modified_gmt":"2021-09-16T09:58:54","slug":"round-channel","status":"publish","type":"page","link":"https:\/\/waarschip-725-auf-langer-fahrt.de\/fr\/round-channel\/","title":{"rendered":"Manche ronde"},"content":{"rendered":"\n<p>25 mai 2018<\/p>\n\n\n\n<p>Donc, maintenant, je vais finalement me diriger vers l\u2019ouest, une deuxi\u00e8me fois apr\u00e8s 2016. Ce sera le m\u00eame itin\u00e9raire jusqu\u2019\u00e0 Boulogne-sur-Mer, mais \u00e0 partir de l\u00e0, je veux passer du c\u00f4t\u00e9 anglais de la Manche. De l\u00e0 commence un aller-retour dans la Manche.<\/p>\n\n\n\n<p>Je sais un peu dans quoi je m\u2019engage :<\/p>\n\n\n\n<p>&#8211; Une r\u00e9gion inhabituelle, non pas que je veuille faire croire que la mer Baltique et la c\u00f4te allemande de la mer du Nord sont ennuyeuses. Ce sont des endroits magnifiques et passionnants. Mais j\u2019ai simplement besoin d\u2019un d\u00e9fi, en relation avec le m\u00e9tier de la voile que sur le plan mental.<\/p>\n\n\n\n<p>&#8211; D\u00e9couvrir d\u2019autres modes de vie, d\u2019autres cultures. Il ne s\u2019agit pas d\u2019une visite touristique selon la devise &#8220;il faut voir \u00e7a, il faut aller l\u00e0&#8221;. Je cherche des choses hors des sentiers battus.<\/p>\n\n\n\n<p>&#8211; Et la vie \u00e0 bord est \u00e9galement diff\u00e9rente. Avoir moins, se limiter \u00e0 l\u2019existentiel. Faire l\u2019exp\u00e9rience d\u2019une qualit\u00e9 de vie que vous ne connaissez plus dans la vie quotidienne normale. Une vie loin de la &#8220;dictature de l\u2019argent&#8221; (l\u2019homme de Rome a parfois de grandes formulations). Un monde o\u00f9 vous ne pouvez pas ou ne voulez pas tout acheter.<\/p>\n\n\n\n<p>C\u2019est le monde qui est l\u00e0, sur un petit bateau et avec un petit budget.<\/p>\n\n\n\n<p>Je vais essayer d\u2019en capturer le plus possible et de le documenter sur mon blog.<\/p>\n\n\n\n<p>Ce sous-menu <a href=\"https:\/\/waarschip-725-auf-langer-fahrt.de\/fr\/Auf-nach England\">Pour L\u2019Angleterre<\/a> est le point de d\u00e9part de mes reportages.<\/p>\n","protected":false},"excerpt":{"rendered":"<p>25 mai 2018 Donc, maintenant, je vais finalement me diriger vers l\u2019ouest, une deuxi\u00e8me fois apr\u00e8s 2016. Ce sera le m\u00eame itin\u00e9raire jusqu\u2019\u00e0 Boulogne-sur-Mer, mais \u00e0 partir de l\u00e0, je veux passer du c\u00f4t\u00e9 anglais de la Manche. De l\u00e0 commence un aller-retour dans la Manche. Je sais un peu dans quoi je m\u2019engage : [&hellip;]<\/p>\n","protected":false},"author":7,"featured_media":0,"parent":0,"menu_order":0,"comment_status":"closed","ping_status":"closed","template":"page-templates\/full-width.php","meta":{"footnotes":""},"class_list":["post-1076","page","type-page","status-publish","hentry"],"translation":{"provider":"WPGlobus","version":"3.0.2","language":"fr","enabled_languages":["de","gb","fr","es"],"languages":{"de":{"title":true,"content":true,"excerpt":false},"gb":{"title":true,"content":true,"excerpt":false},"fr":{"title":true,"content":true,"excerpt":false},"es":{"title":false,"content":false,"excerpt":false}}},"_links":{"self":[{"href":"https:\/\/waarschip-725-auf-langer-fahrt.de\/fr\/wp-json\/wp\/v2\/pages\/1076","targetHints":{"allow":["GET"]}}],"collection":[{"href":"https:\/\/waarschip-725-auf-langer-fahrt.de\/fr\/wp-json\/wp\/v2\/pages"}],"about":[{"href":"https:\/\/waarschip-725-auf-langer-fahrt.de\/fr\/wp-json\/wp\/v2\/types\/page"}],"author":[{"embeddable":true,"href":"https:\/\/waarschip-725-auf-langer-fahrt.de\/fr\/wp-json\/wp\/v2\/users\/7"}],"replies":[{"embeddable":true,"href":"https:\/\/waarschip-725-auf-langer-fahrt.de\/fr\/wp-json\/wp\/v2\/comments?post=1076"}],"version-history":[{"count":14,"href":"https:\/\/waarschip-725-auf-langer-fahrt.de\/fr\/wp-json\/wp\/v2\/pages\/1076\/revisions"}],"predecessor-version":[{"id":2001,"href":"https:\/\/waarschip-725-auf-langer-fahrt.de\/fr\/wp-json\/wp\/v2\/pages\/1076\/revisions\/2001"}],"wp:attachment":[{"href":"https:\/\/waarschip-725-auf-langer-fahrt.de\/fr\/wp-json\/wp\/v2\/media?parent=1076"}],"curies":[{"name":"wp","href":"https:\/\/api.w.org\/{rel}","templated":true}]}}