{"id":1486,"date":"2018-09-07T17:35:38","date_gmt":"2018-09-07T15:35:38","guid":{"rendered":"http:\/\/waarschip-725-auf-langer-fahrt.de\/?page_id=1486"},"modified":"2025-01-06T13:12:24","modified_gmt":"2025-01-06T12:12:24","slug":"die-letzten-meilen","status":"publish","type":"page","link":"https:\/\/waarschip-725-auf-langer-fahrt.de\/fr\/die-letzten-meilen\/","title":{"rendered":"Les derniers nautiques miles"},"content":{"rendered":"\n<p>07 septembre &#8211; Blankenberge<\/p>\n\n\n\n<p>La mer du Nord montre son c\u00f4t\u00e9 inamical. Les vents de nord-est, puis de nord et maintenant de nord-ouest sont synonymes de bonne mer sur cette c\u00f4te, surtout que les vagues s\u2019accumulent sur le sable. Naviguer toujours dans les vagues \u00e0 5 ou 6 n\u0153uds, c\u2019est trop, pour moi comme pour amica. Les sables plient les vagues normales en mers crois\u00e9es et apr\u00e8s un pic de vagues superpos\u00e9es, il y a g\u00e9n\u00e9ralement une chute profonde. Amica pleure, c\u2019est-\u00e0-dire que l\u2019eau revient, un peu, mais ce n\u2019est pas bon. Je ne devrais plus la naviguer si fort. Je quitte donc la mer du Nord \u00e0 Vlissingen et traverser les Pays-Bas, la route du Staande Mast.<\/p>\n\n\n\n<p>Les pr\u00e9visions m\u00e9t\u00e9orologiques n\u00e9erlandaises annoncent joliment que maintenant, apr\u00e8s le d\u00e9gagement du &#8220;stilhangende trog&#8221;, enfin &#8220;na long tijd de weststroming weer op gang&#8221; vient. Cela signifie des vents d\u2019ouest constants sur la c\u00f4te. Je vais prot\u00e9ger l\u2019amica de \u00e7a et conduisez magnifiquement \u00e0 travers les canaux. Dunkerque m\u2019a retenu pendant deux jours et maintenant Blankenberge pendant un jour, il est temps que je me dirige vers le nord, quel que soit le temps.<\/p>\n\n\n\n<p>Le monde redevient agit\u00e9, il y a longtemps que je n\u2019avais pas vu autant de voitures sur les routes. Pourtant, Blankenberge est une petite ville touristique, en tout cas beaucoup plus petite que Calais ou Dunkerque. Les gens se d\u00e9placent aussi plus rapidement, il n\u2019y a plus de fl\u00e2nerie. Je dois m\u2019y habituer \u00e0 nouveau. Y va-t-il un lien entre la manie de la mobilit\u00e9 et le comportement agit\u00e9 ? Peut-\u00eatre, mais il y a peut-\u00eatre d\u2019autres raisons.<\/p>\n\n\n\n<p>Derni\u00e8rement, j\u2019ai parl\u00e9 \u00e0 beaucoup d\u2019anglais qui trouvaient dommage que je visite ces villes (Eastbourne, Brighton) de la c\u00f4te sud. Ils ont dit que je n\u2019avais pas une bonne impression de l\u2019Angleterre, que ces endroits \u00e9taient tous &#8220;tr\u00e8s occup\u00e9s&#8221;, pas d\u00e9tendus. L\u2019Angleterre serait beaucoup plus calme, surtout vers l\u2019ouest, si vous \u00e9vitiez les grandes villes. C\u2019est pourquoi ils aiment, entre autres, la c\u00f4te normande, o\u00f9 tout est beaucoup plus calme.<\/p>\n\n\n\n<p>12 septembre &#8211; Volendam<\/p>\n\n\n\n<p>Nous avons d\u2019abord travers\u00e9 le delta de l\u2019Escaut en une journ\u00e9e, puis autour de Rotterdam au nord dans l\u2019Ijsselmeer. Cela semble facile, mais c\u2019\u00e9tait un long voyage, pas tellement en termes de distance, mais en termes de temps. Il faut toujours pr\u00e9voir des temps d\u2019attente devant les ponts ferroviaires et autoroutiers. N\u00e9anmoins, il \u00e9tait bon de choisir cette route, m\u00eame apr\u00e8s Rotterdam sur la Nieuwe Maas, les embruns volaient autour de mes oreilles. Et le voyage vers Haarlem a \u00e9t\u00e9 accompagn\u00e9 de rafales allant jusqu\u2019\u00e0 force 8. Maintenant, je suis dans l\u2019Ijsselmeer et le vent est cens\u00e9 s\u2019am\u00e9liorer lentement. Il y a d\u00e9finitivement moins ou pas les vagues ici. Sur la mer du Nord, il faudra du temps avant que tout se calme \u00e0 nouveau.<\/p>\n\n\n\n<p>Stations : Middelburg, Willemstad, Gouda et Haarlem. Maintenant Volendam.<\/p>\n\n\n\n<p>J\u2019ai fait quelques films :<\/p>\n\n\n\n<figure class=\"wp-block-embed is-type-video is-provider-vimeo wp-block-embed-vimeo\"><div class=\"wp-block-embed__wrapper\">\n<iframe loading=\"lazy\" title=\"Veerse Meer\" src=\"https:\/\/player.vimeo.com\/video\/289526209?dnt=1&amp;app_id=122963\" width=\"625\" height=\"351\" frameborder=\"0\" allow=\"autoplay; fullscreen; picture-in-picture; clipboard-write\"><\/iframe>\n<\/div><\/figure>\n\n\n\n<p>L\u2019Escaut est une r\u00e9gion magnifique, ici le Veerse Meer. Malheureusement, je le traverse toujours rapidement.<\/p>\n\n\n\n<figure class=\"wp-block-embed is-type-video is-provider-vimeo wp-block-embed-vimeo\"><div class=\"wp-block-embed__wrapper\">\n<iframe loading=\"lazy\" title=\"Hafen bei Kortgene\" src=\"https:\/\/player.vimeo.com\/video\/289525997?dnt=1&amp;app_id=122963\" width=\"625\" height=\"351\" frameborder=\"0\" allow=\"autoplay; fullscreen; picture-in-picture; clipboard-write\"><\/iframe>\n<\/div><\/figure>\n\n\n\n<p>Il y a aussi beaucoup de voile ici. Port pr\u00e8s de Kortgene <\/p>\n\n\n\n<figure class=\"wp-block-embed is-type-video is-provider-vimeo wp-block-embed-vimeo\"><div class=\"wp-block-embed__wrapper\">\n<iframe loading=\"lazy\" title=\"Kramersluis\" src=\"https:\/\/player.vimeo.com\/video\/289526070?dnt=1&amp;app_id=122963\" width=\"625\" height=\"351\" frameborder=\"0\" allow=\"autoplay; fullscreen; picture-in-picture; clipboard-write\"><\/iframe>\n<\/div><\/figure>\n\n\n\n<p>Kramersluis, comme toujours ces \u00e9cluses sont assez vertes et boueuses.<\/p>\n\n\n\n<figure class=\"wp-block-embed is-type-video is-provider-vimeo wp-block-embed-vimeo\"><div class=\"wp-block-embed__wrapper\">\n<iframe loading=\"lazy\" title=\"Flaches Land\" src=\"https:\/\/player.vimeo.com\/video\/289526154?dnt=1&amp;app_id=122963\" width=\"625\" height=\"351\" frameborder=\"0\" allow=\"autoplay; fullscreen; picture-in-picture; clipboard-write\"><\/iframe>\n<\/div><\/figure>\n\n\n\n<p>Pays-Bas, terres basses, Pays-Bas<\/p>\n\n\n\n<figure class=\"wp-block-embed is-type-video is-provider-vimeo wp-block-embed-vimeo\"><div class=\"wp-block-embed__wrapper\">\n<iframe loading=\"lazy\" title=\"Wetter 1\" src=\"https:\/\/player.vimeo.com\/video\/289527884?dnt=1&amp;app_id=122963\" width=\"625\" height=\"351\" frameborder=\"0\" allow=\"autoplay; fullscreen; picture-in-picture; clipboard-write\"><\/iframe>\n<\/div><\/figure>\n\n\n\n<p>En traversant Amsterdam, je n\u2019ai eu que de la bruine. Ici, sur l\u2019Ijsselmeer, ce n\u2019est pas mieux.<\/p>\n\n\n\n<figure class=\"wp-block-embed is-type-video is-provider-vimeo wp-block-embed-vimeo\"><div class=\"wp-block-embed__wrapper\">\n<iframe loading=\"lazy\" title=\"Wetter 2\" src=\"https:\/\/player.vimeo.com\/video\/289527960?dnt=1&amp;app_id=122963\" width=\"625\" height=\"351\" frameborder=\"0\" allow=\"autoplay; fullscreen; picture-in-picture; clipboard-write\"><\/iframe>\n<\/div><\/figure>\n\n\n\n<p>Puis il y a eu un l\u00e9ger grondement une fois et ensuite \u00e7a ressemblait \u00e0 \u00e7a. Mais il n\u2019y avait toujours pas de vent.<\/p>\n\n\n\n<p>16 septembre &#8211; Lauwersoog<\/p>\n\n\n\n<p>J\u2019ai travers\u00e9 la Hollande une fois en 7 jours, c\u2019est beaucoup et surtout toujours long. Maintenant je suis assis ici \u00e0 Lauwersoog et demain je pars pour Borkum. De Vlissingen \u00e0 Lauwersoog, je n\u2019ai pas touch\u00e9 une seule fois aux voiles. Un temps d\u2019automne, des vents forts, de la pluie, des accalmies sur l\u2019Ijsselmeer avec des moustiques et il devient lentement assez froid, donc c\u2019est diff\u00e9rent. J\u2019ai aussi attrap\u00e9 un petit rhume, oui, le nord est juste frais et humide. Les Pays-Bas sont en bas de mon classement, surtout la partie de l\u2019Ijsselmeer et le sud de celui-ci. Il y avait une t\u00e9m\u00e9rit\u00e9 croissante, en particulier de la part de la ligue professionnelle. S&#8217;ils ne veulent pas de bateaux de plaisance ici, alors ils devraient simplement fermer les voies navigables pour les bateaux de plaisance. Personne ne r\u00e9agit \u00e0 la radio et personne ne r\u00e9pond aux num\u00e9ros de t\u00e9l\u00e9phone fournis. Qu\u2019est-ce que \u00e7a ??? Et puis trois bateaux fluviaux en parall\u00e8le sur la voie rapide. Tout comme trois camions sur l\u2019autoroute r\u00e9partis sur trois voies. Personne n\u2019est plus rapide.<\/p>\n\n\n\n<p>La Frise est plus d\u00e9tendue et je me r\u00e9jouis de la suite du circuit le long des \u00eeles.<\/p>\n\n\n\n<figure class=\"wp-block-image size-large\"><img loading=\"lazy\" decoding=\"async\" width=\"1024\" height=\"680\" src=\"https:\/\/waarschip-725-auf-langer-fahrt.de\/wp-content\/uploads\/2018\/09\/Ijsselmeerm\u00fccken-1024x680.jpg\" alt=\"\" class=\"wp-image-1504\" srcset=\"https:\/\/waarschip-725-auf-langer-fahrt.de\/wp-content\/uploads\/2018\/09\/Ijsselmeerm\u00fccken.jpg 1024w, https:\/\/waarschip-725-auf-langer-fahrt.de\/wp-content\/uploads\/2018\/09\/Ijsselmeerm\u00fccken-300x199.jpg 300w, https:\/\/waarschip-725-auf-langer-fahrt.de\/wp-content\/uploads\/2018\/09\/Ijsselmeerm\u00fccken-768x510.jpg 768w, https:\/\/waarschip-725-auf-langer-fahrt.de\/wp-content\/uploads\/2018\/09\/Ijsselmeerm\u00fccken-624x414.jpg 624w\" sizes=\"auto, (max-width: 1024px) 100vw, 1024px\" \/><\/figure>\n\n\n\n<p>Les fameux moustiques d\u2019Ijsselmeer, qui se glissent dans la bouche, le nez, les yeux et les oreilles. Apr\u00e8s 2 heures dans le port, la peste \u00e9tait termin\u00e9e, mais maintenant avec un nombre infini de cadavres qui maculaient les voiles.<\/p>\n\n\n\n<figure class=\"wp-block-image size-large\"><img loading=\"lazy\" decoding=\"async\" width=\"1024\" height=\"680\" src=\"https:\/\/waarschip-725-auf-langer-fahrt.de\/wp-content\/uploads\/2018\/09\/Friesisch-1024x680.jpg\" alt=\"\" class=\"wp-image-1502\" srcset=\"https:\/\/waarschip-725-auf-langer-fahrt.de\/wp-content\/uploads\/2018\/09\/Friesisch.jpg 1024w, https:\/\/waarschip-725-auf-langer-fahrt.de\/wp-content\/uploads\/2018\/09\/Friesisch-300x199.jpg 300w, https:\/\/waarschip-725-auf-langer-fahrt.de\/wp-content\/uploads\/2018\/09\/Friesisch-768x510.jpg 768w, https:\/\/waarschip-725-auf-langer-fahrt.de\/wp-content\/uploads\/2018\/09\/Friesisch-624x414.jpg 624w\" sizes=\"auto, (max-width: 1024px) 100vw, 1024px\" \/><\/figure>\n\n\n\n<p>Au sud de Leeuwarden, ils ont d\u00e9plac\u00e9 la &#8220;Staande Mast Route&#8221;, loin du chenal principal dans la province, vraiment frison ici.<\/p>\n\n\n\n<figure class=\"wp-block-image size-large\"><img loading=\"lazy\" decoding=\"async\" width=\"1024\" height=\"680\" src=\"https:\/\/waarschip-725-auf-langer-fahrt.de\/wp-content\/uploads\/2018\/09\/Windm\u00fchle-im-Design-1024x680.jpg\" alt=\"\" class=\"wp-image-1507\" srcset=\"https:\/\/waarschip-725-auf-langer-fahrt.de\/wp-content\/uploads\/2018\/09\/Windm\u00fchle-im-Design.jpg 1024w, https:\/\/waarschip-725-auf-langer-fahrt.de\/wp-content\/uploads\/2018\/09\/Windm\u00fchle-im-Design-300x199.jpg 300w, https:\/\/waarschip-725-auf-langer-fahrt.de\/wp-content\/uploads\/2018\/09\/Windm\u00fchle-im-Design-768x510.jpg 768w, https:\/\/waarschip-725-auf-langer-fahrt.de\/wp-content\/uploads\/2018\/09\/Windm\u00fchle-im-Design-624x414.jpg 624w\" sizes=\"auto, (max-width: 1024px) 100vw, 1024px\" \/><\/figure>\n\n\n\n<figure class=\"wp-block-image size-large\"><img loading=\"lazy\" decoding=\"async\" width=\"1024\" height=\"680\" src=\"https:\/\/waarschip-725-auf-langer-fahrt.de\/wp-content\/uploads\/2018\/09\/Mit-Zugang-1024x680.jpg\" alt=\"\" class=\"wp-image-1505\" srcset=\"https:\/\/waarschip-725-auf-langer-fahrt.de\/wp-content\/uploads\/2018\/09\/Mit-Zugang.jpg 1024w, https:\/\/waarschip-725-auf-langer-fahrt.de\/wp-content\/uploads\/2018\/09\/Mit-Zugang-300x199.jpg 300w, https:\/\/waarschip-725-auf-langer-fahrt.de\/wp-content\/uploads\/2018\/09\/Mit-Zugang-768x510.jpg 768w, https:\/\/waarschip-725-auf-langer-fahrt.de\/wp-content\/uploads\/2018\/09\/Mit-Zugang-624x414.jpg 624w\" sizes=\"auto, (max-width: 1024px) 100vw, 1024px\" \/><\/figure>\n\n\n\n<p>Moulin \u00e0 vent au design moderne, oui super et avec un escalier d\u2019observation.<\/p>\n\n\n\n<figure class=\"wp-block-image size-large\"><img loading=\"lazy\" decoding=\"async\" width=\"1024\" height=\"680\" src=\"https:\/\/waarschip-725-auf-langer-fahrt.de\/wp-content\/uploads\/2018\/09\/Morgens-1024x680.jpg\" alt=\"\" class=\"wp-image-1506\" srcset=\"https:\/\/waarschip-725-auf-langer-fahrt.de\/wp-content\/uploads\/2018\/09\/Morgens.jpg 1024w, https:\/\/waarschip-725-auf-langer-fahrt.de\/wp-content\/uploads\/2018\/09\/Morgens-300x199.jpg 300w, https:\/\/waarschip-725-auf-langer-fahrt.de\/wp-content\/uploads\/2018\/09\/Morgens-768x510.jpg 768w, https:\/\/waarschip-725-auf-langer-fahrt.de\/wp-content\/uploads\/2018\/09\/Morgens-624x414.jpg 624w\" sizes=\"auto, (max-width: 1024px) 100vw, 1024px\" \/><\/figure>\n\n\n\n<p>\u00c0 neuf heures du matin, de riches couleurs&#8230;<\/p>\n\n\n\n<figure class=\"wp-block-image size-large\"><img loading=\"lazy\" decoding=\"async\" width=\"1024\" height=\"680\" src=\"https:\/\/waarschip-725-auf-langer-fahrt.de\/wp-content\/uploads\/2018\/09\/Gr\u00fcn-1024x680.jpg\" alt=\"\" class=\"wp-image-1503\" srcset=\"https:\/\/waarschip-725-auf-langer-fahrt.de\/wp-content\/uploads\/2018\/09\/Gr\u00fcn.jpg 1024w, https:\/\/waarschip-725-auf-langer-fahrt.de\/wp-content\/uploads\/2018\/09\/Gr\u00fcn-300x199.jpg 300w, https:\/\/waarschip-725-auf-langer-fahrt.de\/wp-content\/uploads\/2018\/09\/Gr\u00fcn-768x510.jpg 768w, https:\/\/waarschip-725-auf-langer-fahrt.de\/wp-content\/uploads\/2018\/09\/Gr\u00fcn-624x414.jpg 624w\" sizes=\"auto, (max-width: 1024px) 100vw, 1024px\" \/><\/figure>\n\n\n\n<p>vert luxuriant.<\/p>\n\n\n\n<p>19 septembre &#8211; Borkum<\/p>\n\n\n\n<p>Par le Westgat \u00e0 Schiermonnikoog et ensuite vers Borkum nous avons pu naviguer \u00e0 nouveau agr\u00e9ablement. Apr\u00e8s tous ces efforts, Amica \u00e9tait vraiment heureuse de montrer que la voile est plus belle.<\/p>\n\n\n\n<figure class=\"wp-block-embed is-type-video is-provider-vimeo wp-block-embed-vimeo\"><div class=\"wp-block-embed__wrapper\">\n<iframe loading=\"lazy\" title=\"amica freut sich 1\" src=\"https:\/\/player.vimeo.com\/video\/290459557?dnt=1&amp;app_id=122963\" width=\"625\" height=\"351\" frameborder=\"0\" allow=\"autoplay; fullscreen; picture-in-picture; clipboard-write\"><\/iframe>\n<\/div><\/figure>\n\n\n\n<p>Elle \u00e9tait imparable, deux heures constamment entre 6 et 7 n\u0153uds, ce qui signifiait un surf permanent.<\/p>\n\n\n\n<figure class=\"wp-block-embed is-type-video is-provider-vimeo wp-block-embed-vimeo\"><div class=\"wp-block-embed__wrapper\">\n<iframe loading=\"lazy\" title=\"amica freut sich 2\" src=\"https:\/\/player.vimeo.com\/video\/290460909?dnt=1&amp;app_id=122963\" width=\"625\" height=\"351\" frameborder=\"0\" allow=\"autoplay; fullscreen; picture-in-picture; clipboard-write\"><\/iframe>\n<\/div><\/figure>\n\n\n\n<p>L\u2019eau vient de passer.<\/p>\n\n\n\n<figure class=\"wp-block-embed is-type-video is-provider-vimeo wp-block-embed-vimeo\"><div class=\"wp-block-embed__wrapper\">\n<iframe loading=\"lazy\" title=\"amica freut sich 3\" src=\"https:\/\/player.vimeo.com\/video\/290462229?dnt=1&amp;app_id=122963\" width=\"625\" height=\"351\" frameborder=\"0\" allow=\"autoplay; fullscreen; picture-in-picture; clipboard-write\"><\/iframe>\n<\/div><\/figure>\n\n\n\n<p>Et si vous ne le croyez pas&#8230;<\/p>\n\n\n\n<p>Mais \u00e0 la fin, le vent est tomb\u00e9. J\u2019ai bri\u00e8vement envisag\u00e9 de naviguer directement jusqu\u2019\u00e0 Norderney, mais je ne me sentais pas encore assez en forme pour un voyage de 10 heures. Et mes craintes se sont r\u00e9alis\u00e9es : j\u2019\u00e9tais coinc\u00e9 \u00e0 Borkum. Les prochains jours seront de toute fa\u00e7on tr\u00e8s excitante, en ce qui concerne les conditions de vent.<\/p>\n\n\n\n<p>20 septembre &#8211; Norderney<\/p>\n\n\n\n<p>Nous avons navigu\u00e9 autour de Borkum, puis nous sommes revenus dans les Osterems et sur le vasi\u00e8re ici, avec un vent frais de 6-7 forces. Ce n\u2019est que sous le foc que j\u2019ai atteint 6,5 n\u0153uds. Maintenant, les conditions de vent vont continuer comme \u00e7a pendant une semaine et il fera \u00e9galement froid et humide. Je prends le ferry maintenant et je rentre \u00e0 la maison.<\/p>\n\n\n\n<p>Vous pouvez voir les raisons ici. Nous sommes du c\u00f4t\u00e9 de la vasi\u00e8re, il n\u2019y a g\u00e9n\u00e9ralement que 2 m\u00e8tres d\u2019eau ici, les ravines sont bien s\u00fbr un peu plus profondes. 8 Bft, humide et ce que vous ne pouvez pas voir : froid.<\/p>\n\n\n\n<figure class=\"wp-block-embed is-type-video is-provider-vimeo wp-block-embed-vimeo\"><div class=\"wp-block-embed__wrapper\">\n<iframe loading=\"lazy\" title=\"F\u00e4hre1\" src=\"https:\/\/player.vimeo.com\/video\/292685638?dnt=1&amp;app_id=122963\" width=\"625\" height=\"351\" frameborder=\"0\" allow=\"autoplay; fullscreen; picture-in-picture; clipboard-write\"><\/iframe>\n<\/div><\/figure>\n\n\n\n<figure class=\"wp-block-embed is-type-video is-provider-vimeo wp-block-embed-vimeo\"><div class=\"wp-block-embed__wrapper\">\n<iframe loading=\"lazy\" title=\"F\u00e4hre2\" src=\"https:\/\/player.vimeo.com\/video\/292685521?dnt=1&amp;app_id=122963\" width=\"625\" height=\"351\" frameborder=\"0\" allow=\"autoplay; fullscreen; picture-in-picture; clipboard-write\"><\/iframe>\n<\/div><\/figure>\n\n\n\n<figure class=\"wp-block-embed is-type-video is-provider-vimeo wp-block-embed-vimeo\"><div class=\"wp-block-embed__wrapper\">\n<iframe loading=\"lazy\" title=\"F\u00e4hre3\" src=\"https:\/\/player.vimeo.com\/video\/292685601?dnt=1&amp;app_id=122963\" width=\"625\" height=\"351\" frameborder=\"0\" allow=\"autoplay; fullscreen; picture-in-picture; clipboard-write\"><\/iframe>\n<\/div><\/figure>\n\n\n\n<p>Ce grand ferry se balance m\u00eame !<\/p>\n\n\n\n<figure class=\"wp-block-embed is-type-video is-provider-vimeo wp-block-embed-vimeo\"><div class=\"wp-block-embed__wrapper\">\n<iframe loading=\"lazy\" title=\"F\u00e4hre4\" src=\"https:\/\/player.vimeo.com\/video\/292685604?dnt=1&amp;app_id=122963\" width=\"625\" height=\"351\" frameborder=\"0\" allow=\"autoplay; fullscreen; picture-in-picture; clipboard-write\"><\/iframe>\n<\/div><\/figure>\n\n\n\n<p>Un dernier regard, la d\u00e9cision \u00e9tait bonne et juste !<\/p>\n\n\n\n<p>26 septembre &#8211; Norderney<\/p>\n\n\n\n<p>Donc, apr\u00e8s 5 jours de cong\u00e9 \u00e0 terre, je suis de retour \u00e0 bord et je suppose que je vais maintenant faire rapidement le reste du chemin vers l\u2019Elbe. Je vais d\u2019abord naviguer dans la vasi\u00e8re jusqu\u2019\u00e0 Wangerooge, puis dans l\u2019Elbe le week-end prochain. Le temps est cens\u00e9 \u00eatre plus calme et bon \u00e0 partir de samedi.<\/p>\n\n\n\n<p>30 septembre &#8211; Cuxhaven<\/p>\n\n\n\n<p>Le voyage se d\u00e9roule comme pr\u00e9vu, mais les conditions de vent ne sont pas tr\u00e8s agr\u00e9ables. Le rapport sur les derniers jours suivra plus tard. J\u2019arriverai \u00e0 Wedel ce soir, la mar\u00e9e et le vent sont bons pour le voyage cette fois.<\/p>\n\n\n\n<p>30 septembre &#8211; Wedel<\/p>\n\n\n\n<p>Arriv\u00e9 \u00e0 nouveau, et toujours en septembre ! Pourtant, ces derniers jours ont \u00e9t\u00e9 difficiles une fois de plus. La fen\u00eatre du beau temps pour le week-end n\u2019a cess\u00e9 de changer pour le pire. Au d\u00e9but, les pr\u00e9visions annon\u00e7aient des vents l\u00e9gers et du beau temps. \u00c0 peine \u00e9tais-je de retour \u00e0 Norderney que le dimanche \u00e9tait annul\u00e9. Un jour plus tard, les pr\u00e9visions pour le samedi ne pr\u00e9voyaient plus de vents l\u00e9gers, mais toujours 3-4 Bft. Cela n\u2019a pas l\u2019air dr\u00f4le du tout, car pour les jours suivants, les pr\u00e9visions annoncent des vents croissants, jusqu\u2019\u00e0 8 et 9 Bft. Donc je dois continuer d\u2019une mani\u00e8re ou d\u2019une autre.<\/p>\n\n\n\n<p>Mais d\u2019abord, j\u2019ai navigu\u00e9 jeudi de Norderney \u00e0 Spiekeroog par WSW 5-6 Bft uniquement sous foc, comme pr\u00e9vu et annonc\u00e9. L\u2019Otzumer Balje est maintenant presque \u00e0 sec \u00e0 mar\u00e9e basse, on ne peut donc y naviguer qu\u2019\u00e0 mar\u00e9e haute et par temps calme, et il ne doit pas y avoir de houle, sinon c\u2019est tr\u00e8s dangereux dans le Seegat. Alors le vendredi, nous avons navigu\u00e9 une \u00eele plus loin \u00e0 nord 7 avec des rafales, puis seulement au moteur. L\u2019Alte Harle, le Seegat pr\u00e8s de Wangerooge, ne sera pas navigable pendant des jours avec de tels vents, m\u00eame s\u2019il a un m\u00e8tre d\u2019eau de plus.<\/p>\n\n\n\n<p>Que faire ? Mauvais du point de vue de la mar\u00e9e, mais peut-\u00eatre faisable : avec l\u2019eau qui monte, traverser les vasi\u00e8res jusqu\u2019\u00e0 l\u2019est de Wangerooge et ensuite essayer de sortir de la profonde Blaue Balje ou, si c\u2019est \u00e9galement impossible, traverser la Jade et la Kaiserbalje dans la Weser jusqu\u2019\u00e0 Bremerhaven. L\u00e0, je pourrais alors poser le m\u00e2t et naviguer \u00e0 travers le canal Hadelner jusqu\u2019\u00e0 Otterndorf. Ce serait le moyen le plus s\u00fbr, mais il impliquerait beaucoup d\u2019actions et prendrait quelques jours de plus.<\/p>\n\n\n\n<p>Que puis-je dire, nous sommes sortis du Blaue Balje sous foc et moteur \u00e0 5 Bft \u00e0 nouveau, donc pas de 3-4 Bft. Quiconque conna\u00eet le coin de Jade via Weser \u00e0 l\u2019Elbe, quand le vent souffle du nord \u00e0 l\u2019ouest \u00e0 6-7 un jour avant et maintenant \u00e0 5 Bft du sud-ouest, savent les vagues qui sont l\u00e0. Le facteur plaisir n\u2019\u00e9tait pas seulement proche de z\u00e9ro, il \u00e9tait absolument dans la fourchette n\u00e9gative. Seul point positif : je n\u2019\u00e9tais pas seul sur le parcours vers l\u2019Elbe et la mer s\u2019est rarement bris\u00e9e. Dans l\u2019Elbe, il a fallu la hauteur de Neuwerk pour que la houle se calme. 17 h 20 \u00e0 la bou\u00e9e Elbe1, 20 h 30 juste avant la balise E, et le courant de reflux a couru, et en plus, il commen\u00e7ait \u00e0 faire sombre. De l\u00e0, au moteur, toujours le long des balises, nous avons atteint Cuxhaven peu avant minuit. Allumer le chauffage, il faisait un froid et puis seulement dans la couchette.<\/p>\n\n\n\n<p>De Cuxhaven \u00e0 Wedel, je n\u2019avais plus envie de naviguer. Apr\u00e8s presque 7 heures, nous avons finalement atteint Wedel au moteur. Il est dommage qu\u2019apr\u00e8s cet \u00e9t\u00e9, que la plupart du mois de septembre \u00e9tait si venteux. Je n\u2019ai fait qu\u2019un beau voyage en voilier Calais, celle de Lauwersoog \u00e0 Borkum, tout le reste a toujours n\u00e9cessit\u00e9 beaucoup d\u2019adr\u00e9naline.<\/p>\n\n\n\n<p>La semaine prochaine, Amica sera entrepos\u00e9e pour l\u2019hiver et entre de bonnes mains et je dois aussi d\u2019abord reprendre des forces.<\/p>\n\n\n\n<p>Et qu\u2019y va-t-il d\u2019autre \u00e0 dire ? <a href=\"https:\/\/waarschip-725-auf-langer-fahrt.de\/fr\/zum-abschluss\">En conclusion<\/a><\/p>\n","protected":false},"excerpt":{"rendered":"<p>07 septembre &#8211; Blankenberge La mer du Nord montre son c\u00f4t\u00e9 inamical. Les vents de nord-est, puis de nord et maintenant de nord-ouest sont synonymes de bonne mer sur cette c\u00f4te, surtout que les vagues s\u2019accumulent sur le sable. Naviguer toujours dans les vagues \u00e0 5 ou 6 n\u0153uds, c\u2019est trop, pour moi comme pour [&hellip;]<\/p>\n","protected":false},"author":7,"featured_media":0,"parent":0,"menu_order":0,"comment_status":"closed","ping_status":"closed","template":"page-templates\/full-width.php","meta":{"footnotes":""},"class_list":["post-1486","page","type-page","status-publish","hentry"],"translation":{"provider":"WPGlobus","version":"3.0.2","language":"fr","enabled_languages":["de","gb","fr","es"],"languages":{"de":{"title":true,"content":true,"excerpt":false},"gb":{"title":true,"content":true,"excerpt":false},"fr":{"title":true,"content":true,"excerpt":false},"es":{"title":false,"content":false,"excerpt":false}}},"_links":{"self":[{"href":"https:\/\/waarschip-725-auf-langer-fahrt.de\/fr\/wp-json\/wp\/v2\/pages\/1486","targetHints":{"allow":["GET"]}}],"collection":[{"href":"https:\/\/waarschip-725-auf-langer-fahrt.de\/fr\/wp-json\/wp\/v2\/pages"}],"about":[{"href":"https:\/\/waarschip-725-auf-langer-fahrt.de\/fr\/wp-json\/wp\/v2\/types\/page"}],"author":[{"embeddable":true,"href":"https:\/\/waarschip-725-auf-langer-fahrt.de\/fr\/wp-json\/wp\/v2\/users\/7"}],"replies":[{"embeddable":true,"href":"https:\/\/waarschip-725-auf-langer-fahrt.de\/fr\/wp-json\/wp\/v2\/comments?post=1486"}],"version-history":[{"count":46,"href":"https:\/\/waarschip-725-auf-langer-fahrt.de\/fr\/wp-json\/wp\/v2\/pages\/1486\/revisions"}],"predecessor-version":[{"id":5567,"href":"https:\/\/waarschip-725-auf-langer-fahrt.de\/fr\/wp-json\/wp\/v2\/pages\/1486\/revisions\/5567"}],"wp:attachment":[{"href":"https:\/\/waarschip-725-auf-langer-fahrt.de\/fr\/wp-json\/wp\/v2\/media?parent=1486"}],"curies":[{"name":"wp","href":"https:\/\/api.w.org\/{rel}","templated":true}]}}