{"id":20,"date":"2016-04-24T20:13:51","date_gmt":"2016-04-24T20:13:51","guid":{"rendered":"http:\/\/waarschip-725-auf-langer-fahrt.de\/?page_id=20"},"modified":"2021-11-22T11:04:03","modified_gmt":"2021-11-22T10:04:03","slug":"refit","status":"publish","type":"page","link":"https:\/\/waarschip-725-auf-langer-fahrt.de\/fr\/refit\/","title":{"rendered":"Refit"},"content":{"rendered":"\n<p><strong>Le refit est toujours<\/strong><\/p>\n\n\n\n<p>Il n&#8217;y a jamais eu une seule refonte majeure, et il y aura s\u00fbrement toujours une refonte. Il serait \u00e9galement absurde de croire qu&#8217;une refonte compl\u00e8te et ponctuelle vous apportera la tranquillit\u00e9 d&#8217;esprit pour toujours. Apr\u00e8s quelques ann\u00e9es, quelque chose est \u00e0 nouveau d\u00fb ou de nouvelles id\u00e9es naissent. Par ailleurs, l&#8217;\u00e9volution des produits (peintures, colles, mastics et huiles) et la fluidit\u00e9 de la robinetterie incitent toujours \u00e0 adapter les Travaux d&#8217;hiver &#8220;normales&#8221;. Il est bon de trouver des conseils comp\u00e9tents dans le voisinage imm\u00e9diat. Dans le port de plaisance de Hambourg, \u00e0 Wedel, il existe une telle chose : les professionnels du yacht.<\/p>\n\n\n\n<p>Je me suis attaqu\u00e9 \u00e0 divers projets au fil des ans et, surtout, j&#8217;ai examin\u00e9 chaque d\u00e9tail du bateau. Cela prend simplement du temps. Une liste de priorit\u00e9s est donc apparue, il y avait des choses urgentes et des choses qui \u00e9taient rel\u00e9gu\u00e9es au second plan.<\/p>\n\n\n\n<p>Malheureusement, je n&#8217;ai que des photos du plus gros projet, le renouvellement du pont en teck. C&#8217;est pourquoi je n&#8217;\u00e9num\u00e8re ici que chronologiquement tous les changements et r\u00e9novations.<\/p>\n\n\n\n<p>Tout d&#8217;abord, de bons soins devraient suffire, car le bateau \u00e9tait en bon \u00e9tat. Toutes les pi\u00e8ces en teck ont \u200b\u200b\u00e9t\u00e9 soigneusement trait\u00e9es et les mains courantes et la hiloire, onmise sous vernis pour des raisons optiques afin de les emp\u00eacher de grisonner \u00e0 nouveau. Trop de teck gris transforme vraiment un Waarschip en navire de guerre, d&#8217;autant plus que le cockpit a \u00e9galement \u00e9t\u00e9 peint en gris.<\/p>\n\n\n\n<p>Une modernisation de la manutention s&#8217;imposait d&#8217;urgence :<\/p>\n\n\n\n<p>&#8211; Redirection des drisses et lignes de ris dans le cockpit, aujourd&#8217;hui normal<\/p>\n\n\n\n<p>&#8211; pinces raisonnables<\/p>\n\n\n\n<p>&#8211; les options de r\u00e9glage de la grand-voile, du cunningham, de la rallonge de guindant<\/p>\n\n\n\n<p>&#8211; blocs de roulements \u00e0 billes \u00e9galement pour les \u00e9coutes<\/p>\n\n\n\n<p>L&#8217;heure des voiles a sonn\u00e9, et comme les Waarschips ne sont plus \u00e0 la hauteur de la technologie de la voile d&#8217;aujourd&#8217;hui, un gr\u00e9ement plus grand \u00e9tait \u00e9galement n\u00e9cessaire. En 2003, amica a re\u00e7u un nouveau m\u00e2t, de presque 2 m de plus. Cela a permis de gagner environ 10 % de surface de voile. Avec les Coupes de voile d&#8217;aujourd&#8217;hui, un Waarschip peut g\u00e9n\u00e9ralement g\u00e9rer une plus grande surface de voile, mais \u00e0 l&#8217;\u00e9poque, ils ne calculaient pas aussi pr\u00e9cis\u00e9ment et pr\u00e9f\u00e9raient rester du c\u00f4t\u00e9 s\u00fbr, c&#8217;est-\u00e0-dire l\u00e9g\u00e8rement sous gr\u00e9ement.<\/p>\n\n\n\n<p>L&#8217;augmentation de la taille \u00e9tait une condition pr\u00e9alable \u00e0 la participation \u00e0 de nombreuses r\u00e9gates. Ainsi, le bateau a \u00e9t\u00e9 progressivement mis en \u00e9tat de r\u00e9gate, avec des \u00e9quipements appropri\u00e9s. Avant tout, avec des accastillages adapt\u00e9s, en premier lieu les accastillages de spi.<\/p>\n\n\n\n<p>Maintenant, je m&#8217;int\u00e9ressais davantage \u00e0 l&#8217;\u00e9tat du bateau, c&#8217;est-\u00e0-dire \u00e0 ce qui se cachait sous la peinture. \u00c0 l&#8217;int\u00e9rieur, tout est &#8220;naturel&#8221;, de sorte que vous pouvez imm\u00e9diatement voir la d\u00e9coloration du bois, pr\u00e9curseur de la pourriture. Toute la peinture devait \u00eatre enlev\u00e9e, ce qui a \u00e9t\u00e9 fait en grande partie par pon\u00e7age (grossier avec un grain de 60, les derniers restes avec un grain de 80, fin avec un grain de 150). Il n&#8217;y avait pratiquement rien \u00e0 critiquer.<\/p>\n\n\n\n<p>En 2005, c&#8217;\u00e9tait le tour de la coque immerg\u00e9e : la rainure entre le gouvernail et la poupe a d\u00fb \u00eatre frais\u00e9e. Avec une bande d&#8217;acajou et de l&#8217;\u00e9poxy, cette zone a \u00e9t\u00e9 \u00e0 nouveau parfaitement scell\u00e9e. Ensuite, la zone immerg\u00e9e a \u00e9t\u00e9 scell\u00e9e six fois avec un appr\u00eat 2K.<\/p>\n\n\n\n<p>2008 Commenc\u00e9 \u00e0 l&#8217;int\u00e9rieur, pas encore termin\u00e9. C&#8217;est principalement pour des raisons visuelles, tout est visiblement sain.<\/p>\n\n\n\n<p>2012 remplacement des roulements du gouvernail<\/p>\n\n\n\n<p>2015 puis la peau ext\u00e9rieure. Dans la zone arri\u00e8re, il y avait un petit point endommag\u00e9 dans la premi\u00e8re couche de contreplaqu\u00e9, mais en dessous tout allait bien. La peau ext\u00e9rieure a \u00e9galement \u00e9t\u00e9 scell\u00e9e avec un appr\u00eat 2K, puis peinte avec un vernis 2K.<\/p>\n\n\n\n<p>Une conclusion : le bois est toujours en bon \u00e9tat apr\u00e8s 40 ans. Aucune r\u00e9paration importante n&#8217;a \u00e9t\u00e9 n\u00e9cessaire. Cela est certainement d\u00fb \u00e0 de bons soins.<\/p>\n\n\n\n<p>Le plus grand projet 2014\/15&nbsp;: le renouvellement du pont en teck<\/p>\n\n\n\n<p>J&#8217;ai travaill\u00e9 sur le vieux pont en teck de temps en temps, Chevilles en bois, refaisant les joints et petites taches r\u00e9par\u00e9es, mais l&#8217;eau s&#8217;infiltrait quelque part. Afin de pr\u00e9server le contreplaqu\u00e9 en dessous, j&#8217;ai d\u00e9cid\u00e9 apr\u00e8s une consultation intensive : tout supprimer et reconstruire<\/p>\n\n\n\n<p>La planification intensive a \u00e9t\u00e9 la premi\u00e8re \u00e9tape. Combien de m\u00e8tres de Moulures en teck \u00e9taient n\u00e9cessaires, combien de m\u00e8tres de cr\u00eates marginales, bandes de frottement, de moulures de raclage, de colle, de p\u00e2te \u00e0 joint, de poids et de serre-joints. Et des machines : rabot \u00e9lectrique, ponceuse \u00e0 bande et ponceuse excentrique. Tout doit \u00eatre pr\u00eat avant m\u00eame que le bateau n&#8217;entre dans le hall.<\/p>\n\n\n\n<p>Le d\u00e9montage des raccords est \u00e9galement possible dans l&#8217;eau, avec le soutien amical de mains secourables.<\/p>\n\n\n\n<figure class=\"wp-block-image size-large\"><img loading=\"lazy\" decoding=\"async\" width=\"1024\" height=\"680\" src=\"https:\/\/waarschip-725-auf-langer-fahrt.de\/wp-content\/uploads\/2016\/04\/helfende-Haende-1024x680.jpg\" alt=\"\" class=\"wp-image-137\" srcset=\"https:\/\/waarschip-725-auf-langer-fahrt.de\/wp-content\/uploads\/2016\/04\/helfende-Haende.jpg 1024w, https:\/\/waarschip-725-auf-langer-fahrt.de\/wp-content\/uploads\/2016\/04\/helfende-Haende-300x199.jpg 300w, https:\/\/waarschip-725-auf-langer-fahrt.de\/wp-content\/uploads\/2016\/04\/helfende-Haende-768x510.jpg 768w, https:\/\/waarschip-725-auf-langer-fahrt.de\/wp-content\/uploads\/2016\/04\/helfende-Haende-624x414.jpg 624w\" sizes=\"auto, (max-width: 1024px) 100vw, 1024px\" \/><\/figure>\n\n\n\n<p>Important : avant de raboter, retirez toutes les vis. Le couteau de rabotage est reconnaissant.<\/p>\n\n\n\n<figure class=\"wp-block-image size-full is-resized\"><img loading=\"lazy\" decoding=\"async\" src=\"https:\/\/waarschip-725-auf-langer-fahrt.de\/wp-content\/uploads\/2016\/04\/Schrauben-raus.jpg\" alt=\"\" class=\"wp-image-134\" width=\"448\" height=\"336\" srcset=\"https:\/\/waarschip-725-auf-langer-fahrt.de\/wp-content\/uploads\/2016\/04\/Schrauben-raus.jpg 448w, https:\/\/waarschip-725-auf-langer-fahrt.de\/wp-content\/uploads\/2016\/04\/Schrauben-raus-300x225.jpg 300w\" sizes=\"auto, (max-width: 448px) 100vw, 448px\" \/><\/figure>\n\n\n\n<p>Seuls neuf de ces sacs en plastique sont rest\u00e9s du pont.<\/p>\n\n\n\n<figure class=\"wp-block-image size-full\"><img loading=\"lazy\" decoding=\"async\" width=\"448\" height=\"336\" src=\"https:\/\/waarschip-725-auf-langer-fahrt.de\/wp-content\/uploads\/2016\/04\/Saecke.jpg\" alt=\"\" class=\"wp-image-132\" srcset=\"https:\/\/waarschip-725-auf-langer-fahrt.de\/wp-content\/uploads\/2016\/04\/Saecke.jpg 448w, https:\/\/waarschip-725-auf-langer-fahrt.de\/wp-content\/uploads\/2016\/04\/Saecke-300x225.jpg 300w\" sizes=\"auto, (max-width: 448px) 100vw, 448px\" \/><\/figure>\n\n\n\n<p>Le pont apr\u00e8s le rabotage<\/p>\n\n\n\n<figure class=\"wp-block-image size-full\"><img loading=\"lazy\" decoding=\"async\" width=\"448\" height=\"336\" src=\"https:\/\/waarschip-725-auf-langer-fahrt.de\/wp-content\/uploads\/2016\/04\/Hobeln-1.jpg\" alt=\"\" class=\"wp-image-146\" srcset=\"https:\/\/waarschip-725-auf-langer-fahrt.de\/wp-content\/uploads\/2016\/04\/Hobeln-1.jpg 448w, https:\/\/waarschip-725-auf-langer-fahrt.de\/wp-content\/uploads\/2016\/04\/Hobeln-1-300x225.jpg 300w\" sizes=\"auto, (max-width: 448px) 100vw, 448px\" \/><\/figure>\n\n\n\n<p>Le pont apr\u00e8s le pon\u00e7age<\/p>\n\n\n\n<figure class=\"wp-block-image size-full\"><img loading=\"lazy\" decoding=\"async\" width=\"448\" height=\"298\" src=\"https:\/\/waarschip-725-auf-langer-fahrt.de\/wp-content\/uploads\/2016\/04\/Schleifen.jpg\" alt=\"\" class=\"wp-image-133\" srcset=\"https:\/\/waarschip-725-auf-langer-fahrt.de\/wp-content\/uploads\/2016\/04\/Schleifen.jpg 448w, https:\/\/waarschip-725-auf-langer-fahrt.de\/wp-content\/uploads\/2016\/04\/Schleifen-300x200.jpg 300w\" sizes=\"auto, (max-width: 448px) 100vw, 448px\" \/><\/figure>\n\n\n\n<p>Tout d&#8217;abord, le poisson, une seule planche, dans lequel les lames de teck sont incorpor\u00e9es individuellement. O\u00f9 se trouve seulement le milieu ou dois-je m&#8217;habituer \u00e0 une construction de travers (au lieu d&#8217;une construction navale) ?<\/p>\n\n\n\n<figure class=\"wp-block-image size-full\"><img loading=\"lazy\" decoding=\"async\" width=\"298\" height=\"448\" src=\"https:\/\/waarschip-725-auf-langer-fahrt.de\/wp-content\/uploads\/2016\/04\/Fisch.jpg\" alt=\"\" class=\"wp-image-128\" srcset=\"https:\/\/waarschip-725-auf-langer-fahrt.de\/wp-content\/uploads\/2016\/04\/Fisch.jpg 298w, https:\/\/waarschip-725-auf-langer-fahrt.de\/wp-content\/uploads\/2016\/04\/Fisch-200x300.jpg 200w\" sizes=\"auto, (max-width: 298px) 100vw, 298px\" \/><\/figure>\n\n\n\n<p>La barre lat\u00e9rale de chant avec la bande de frottement qui n&#8217;a pas encore \u00e9t\u00e9 arrondie<\/p>\n\n\n\n<figure class=\"wp-block-image size-full\"><img loading=\"lazy\" decoding=\"async\" width=\"448\" height=\"298\" src=\"https:\/\/waarschip-725-auf-langer-fahrt.de\/wp-content\/uploads\/2016\/04\/Randleiste1.jpg\" alt=\"\" class=\"wp-image-148\" srcset=\"https:\/\/waarschip-725-auf-langer-fahrt.de\/wp-content\/uploads\/2016\/04\/Randleiste1.jpg 448w, https:\/\/waarschip-725-auf-langer-fahrt.de\/wp-content\/uploads\/2016\/04\/Randleiste1-300x200.jpg 300w\" sizes=\"auto, (max-width: 448px) 100vw, 448px\" \/><\/figure>\n\n\n\n<p>Premier travail dans le domaine de poissons<\/p>\n\n\n\n<figure class=\"wp-block-image size-full\"><img loading=\"lazy\" decoding=\"async\" width=\"336\" height=\"448\" src=\"https:\/\/waarschip-725-auf-langer-fahrt.de\/wp-content\/uploads\/2016\/04\/Erstes-Einarbeiten.jpg\" alt=\"\" class=\"wp-image-127\" srcset=\"https:\/\/waarschip-725-auf-langer-fahrt.de\/wp-content\/uploads\/2016\/04\/Erstes-Einarbeiten.jpg 336w, https:\/\/waarschip-725-auf-langer-fahrt.de\/wp-content\/uploads\/2016\/04\/Erstes-Einarbeiten-225x300.jpg 225w\" sizes=\"auto, (max-width: 336px) 100vw, 336px\" \/><figcaption>SAMSUNG<\/figcaption><\/figure>\n\n\n\n<p>Moulures, moulures et moulures ; uniquement coll\u00e9es, rien de viss\u00e9.<\/p>\n\n\n\n<figure class=\"wp-block-image size-full\"><img loading=\"lazy\" decoding=\"async\" width=\"298\" height=\"448\" src=\"https:\/\/waarschip-725-auf-langer-fahrt.de\/wp-content\/uploads\/2016\/04\/Leisten-1.jpg\" alt=\"\" class=\"wp-image-152\" srcset=\"https:\/\/waarschip-725-auf-langer-fahrt.de\/wp-content\/uploads\/2016\/04\/Leisten-1.jpg 298w, https:\/\/waarschip-725-auf-langer-fahrt.de\/wp-content\/uploads\/2016\/04\/Leisten-1-200x300.jpg 200w\" sizes=\"auto, (max-width: 298px) 100vw, 298px\" \/><\/figure>\n\n\n\n<figure class=\"wp-block-image size-full\"><img loading=\"lazy\" decoding=\"async\" width=\"336\" height=\"437\" src=\"https:\/\/waarschip-725-auf-langer-fahrt.de\/wp-content\/uploads\/2016\/04\/Leisten.jpg\" alt=\"\" class=\"wp-image-129\" srcset=\"https:\/\/waarschip-725-auf-langer-fahrt.de\/wp-content\/uploads\/2016\/04\/Leisten.jpg 336w, https:\/\/waarschip-725-auf-langer-fahrt.de\/wp-content\/uploads\/2016\/04\/Leisten-231x300.jpg 231w\" sizes=\"auto, (max-width: 336px) 100vw, 336px\" \/><\/figure>\n\n\n\n<figure class=\"wp-block-image size-full\"><img loading=\"lazy\" decoding=\"async\" width=\"298\" height=\"448\" src=\"https:\/\/waarschip-725-auf-langer-fahrt.de\/wp-content\/uploads\/2016\/04\/Leisten2.jpg\" alt=\"\" class=\"wp-image-130\" srcset=\"https:\/\/waarschip-725-auf-langer-fahrt.de\/wp-content\/uploads\/2016\/04\/Leisten2.jpg 298w, https:\/\/waarschip-725-auf-langer-fahrt.de\/wp-content\/uploads\/2016\/04\/Leisten2-200x300.jpg 200w\" sizes=\"auto, (max-width: 298px) 100vw, 298px\" \/><\/figure>\n\n\n\n<p>Vers la fin<\/p>\n\n\n\n<figure class=\"wp-block-image size-full\"><img loading=\"lazy\" decoding=\"async\" width=\"448\" height=\"298\" src=\"https:\/\/waarschip-725-auf-langer-fahrt.de\/wp-content\/uploads\/2016\/04\/Letzte-Arbeiten.jpg\" alt=\"\" class=\"wp-image-131\" srcset=\"https:\/\/waarschip-725-auf-langer-fahrt.de\/wp-content\/uploads\/2016\/04\/Letzte-Arbeiten.jpg 448w, https:\/\/waarschip-725-auf-langer-fahrt.de\/wp-content\/uploads\/2016\/04\/Letzte-Arbeiten-300x200.jpg 300w\" sizes=\"auto, (max-width: 448px) 100vw, 448px\" \/><\/figure>\n\n\n\n<p>Masquage des joints pour garder le teck propre. Cependant, cela n&#8217;a pas beaucoup aid\u00e9.<\/p>\n\n\n\n<figure class=\"wp-block-image size-full\"><img loading=\"lazy\" decoding=\"async\" width=\"384\" height=\"190\" src=\"https:\/\/waarschip-725-auf-langer-fahrt.de\/wp-content\/uploads\/2016\/04\/Verfugen.jpg\" alt=\"\" class=\"wp-image-135\" srcset=\"https:\/\/waarschip-725-auf-langer-fahrt.de\/wp-content\/uploads\/2016\/04\/Verfugen.jpg 384w, https:\/\/waarschip-725-auf-langer-fahrt.de\/wp-content\/uploads\/2016\/04\/Verfugen-300x148.jpg 300w\" sizes=\"auto, (max-width: 384px) 100vw, 384px\" \/><\/figure>\n\n\n\n<p>Le r\u00e9sultat<\/p>\n\n\n\n<figure class=\"wp-block-image size-full\"><img loading=\"lazy\" decoding=\"async\" width=\"448\" height=\"298\" src=\"https:\/\/waarschip-725-auf-langer-fahrt.de\/wp-content\/uploads\/2016\/04\/Ergebnis-1.jpg\" alt=\"\" class=\"wp-image-139\" srcset=\"https:\/\/waarschip-725-auf-langer-fahrt.de\/wp-content\/uploads\/2016\/04\/Ergebnis-1.jpg 448w, https:\/\/waarschip-725-auf-langer-fahrt.de\/wp-content\/uploads\/2016\/04\/Ergebnis-1-300x200.jpg 300w\" sizes=\"auto, (max-width: 448px) 100vw, 448px\" \/><\/figure>\n\n\n\n<figure class=\"wp-block-image size-full\"><img loading=\"lazy\" decoding=\"async\" width=\"448\" height=\"298\" src=\"https:\/\/waarschip-725-auf-langer-fahrt.de\/wp-content\/uploads\/2016\/04\/Ergebnis-2.jpg\" alt=\"\" class=\"wp-image-140\" srcset=\"https:\/\/waarschip-725-auf-langer-fahrt.de\/wp-content\/uploads\/2016\/04\/Ergebnis-2.jpg 448w, https:\/\/waarschip-725-auf-langer-fahrt.de\/wp-content\/uploads\/2016\/04\/Ergebnis-2-300x200.jpg 300w\" sizes=\"auto, (max-width: 448px) 100vw, 448px\" \/><\/figure>\n\n\n\n<p>Et le capitaine est-il heureux ?<\/p>\n\n\n\n<figure class=\"wp-block-image size-full\"><img loading=\"lazy\" decoding=\"async\" width=\"448\" height=\"297\" src=\"https:\/\/waarschip-725-auf-langer-fahrt.de\/wp-content\/uploads\/2016\/04\/Zufrieden.jpg\" alt=\"\" class=\"wp-image-126\" srcset=\"https:\/\/waarschip-725-auf-langer-fahrt.de\/wp-content\/uploads\/2016\/04\/Zufrieden.jpg 448w, https:\/\/waarschip-725-auf-langer-fahrt.de\/wp-content\/uploads\/2016\/04\/Zufrieden-300x199.jpg 300w\" sizes=\"auto, (max-width: 448px) 100vw, 448px\" \/><\/figure>\n\n\n\n<p>Cela ne sera pas r\u00e9v\u00e9l\u00e9, car il conna\u00eet les lieux o\u00f9&#8230;&#8230;.<\/p>\n\n\n\n<p><strong>2017 R\u00e9am\u00e9nager, ajuster et compl\u00e8tement s&#8217;adapter<\/strong><\/p>\n\n\n\n<p>Eh bien, maintenant j&#8217;ai enfin un bateau qui convient aux longs trajets. Un peu d&#8217;\u00e9lectronique, un peu de confort, un peu pour la zone de cuisson et bien s\u00fbr l&#8217;esth\u00e9tique ne pouvait pas manquer. Cet hiver. Je n&#8217;ai plus qu&#8217;\u00e0 balancer le pinceau, tout le reste est fait pour la tourn\u00e9e 2018.<\/p>\n\n\n\n<figure class=\"wp-block-image size-full\"><img loading=\"lazy\" decoding=\"async\" width=\"448\" height=\"298\" src=\"https:\/\/waarschip-725-auf-langer-fahrt.de\/wp-content\/uploads\/2017\/10\/Gedoens2.jpg\" alt=\"\" class=\"wp-image-1010\" srcset=\"https:\/\/waarschip-725-auf-langer-fahrt.de\/wp-content\/uploads\/2017\/10\/Gedoens2.jpg 448w, https:\/\/waarschip-725-auf-langer-fahrt.de\/wp-content\/uploads\/2017\/10\/Gedoens2-300x200.jpg 300w\" sizes=\"auto, (max-width: 448px) 100vw, 448px\" \/><\/figure>\n\n\n\n<figure class=\"wp-block-image size-full\"><img loading=\"lazy\" decoding=\"async\" width=\"448\" height=\"298\" src=\"https:\/\/waarschip-725-auf-langer-fahrt.de\/wp-content\/uploads\/2017\/10\/Gedoens1.jpg\" alt=\"\" class=\"wp-image-1009\" srcset=\"https:\/\/waarschip-725-auf-langer-fahrt.de\/wp-content\/uploads\/2017\/10\/Gedoens1.jpg 448w, https:\/\/waarschip-725-auf-langer-fahrt.de\/wp-content\/uploads\/2017\/10\/Gedoens1-300x200.jpg 300w\" sizes=\"auto, (max-width: 448px) 100vw, 448px\" \/><\/figure>\n\n\n\n<p>Tout le monde remarque les nombreuses choses sur la poupe, mais cette ann\u00e9e, seul le m\u00e2t d&#8217;antenne a \u00e9t\u00e9 ajout\u00e9, et on le voit \u00e0 peine. Et bien s\u00fbr, c&#8217;est pourquoi on me demande toujours o\u00f9 je veux aller. Oui, c&#8217;est une autre fa\u00e7on d&#8217;\u00e9tablir des contacts.<\/p>\n\n\n\n<p>Sous le pont, j&#8217;ai utilis\u00e9 la conversion pour remplacer les vieux c\u00e2bles (\u00e2g\u00e9s d&#8217;environ 15 ans) et pour reconstruire le tableau de distribution. Le coin navigation et communication dans le plus petit espace, c&#8217;est possible.<\/p>\n\n\n\n<figure class=\"wp-block-image size-full\"><img loading=\"lazy\" decoding=\"async\" width=\"448\" height=\"298\" src=\"https:\/\/waarschip-725-auf-langer-fahrt.de\/wp-content\/uploads\/2017\/10\/Naviecke.jpg\" alt=\"\" class=\"wp-image-1017\" srcset=\"https:\/\/waarschip-725-auf-langer-fahrt.de\/wp-content\/uploads\/2017\/10\/Naviecke.jpg 448w, https:\/\/waarschip-725-auf-langer-fahrt.de\/wp-content\/uploads\/2017\/10\/Naviecke-300x200.jpg 300w\" sizes=\"auto, (max-width: 448px) 100vw, 448px\" \/><\/figure>\n\n\n\n<p>Les interrupteurs de droite ont l&#8217;air un peu artisanaux, mais les tableaux pr\u00e9fabriqu\u00e9s sont tout simplement trop grands et trop chers pour moi. J&#8217;ai jet\u00e9 un rapide coup d&#8217;\u0153il dans un magasin d&#8217;\u00e9lectronique et, \u00f4 surprise, vous pouvez tout assembler vous-m\u00eame en composants. L&#8217;esth\u00e9tique peut encore \u00eatre am\u00e9lior\u00e9e, mais tout fonctionne et c&#8217;est le plus important.<\/p>\n\n\n\n<figure class=\"wp-block-image size-full\"><img loading=\"lazy\" decoding=\"async\" width=\"448\" height=\"298\" src=\"https:\/\/waarschip-725-auf-langer-fahrt.de\/wp-content\/uploads\/2017\/10\/Koje.jpg\" alt=\"\" class=\"wp-image-1011\" srcset=\"https:\/\/waarschip-725-auf-langer-fahrt.de\/wp-content\/uploads\/2017\/10\/Koje.jpg 448w, https:\/\/waarschip-725-auf-langer-fahrt.de\/wp-content\/uploads\/2017\/10\/Koje-300x200.jpg 300w\" sizes=\"auto, (max-width: 448px) 100vw, 448px\" \/><\/figure>\n\n\n\n<p>Et voici mon coin confortable dans le gaillard d&#8217;avant. La tapisserie est coll\u00e9e ensemble \u00e0 partir de trois couches de mousse de diff\u00e9rentes densit\u00e9s &#8211; la plus souple se trouvant sur le dessus, bien entendu. Le tissu s&#8217;appelle Alcantara microfibre avec T\u00e9flon. C&#8217;est un tissu tr\u00e8s l\u00e9ger, mais il est cens\u00e9 \u00eatre r\u00e9sistant aux taches. Eh bien, surtout la couture a pris beaucoup de temps &#8211; apr\u00e8s tout, je ne suis pas un expert. Mais le r\u00e9sultat est vraiment impressionnant.<\/p>\n","protected":false},"excerpt":{"rendered":"<p>Le refit est toujours Il n&#8217;y a jamais eu une seule refonte majeure, et il y aura s\u00fbrement toujours une refonte. Il serait \u00e9galement absurde de croire qu&#8217;une refonte compl\u00e8te et ponctuelle vous apportera la tranquillit\u00e9 d&#8217;esprit pour toujours. Apr\u00e8s quelques ann\u00e9es, quelque chose est \u00e0 nouveau d\u00fb ou de nouvelles id\u00e9es naissent. Par ailleurs, [&hellip;]<\/p>\n","protected":false},"author":7,"featured_media":0,"parent":0,"menu_order":21,"comment_status":"closed","ping_status":"closed","template":"page-templates\/full-width.php","meta":{"footnotes":""},"class_list":["post-20","page","type-page","status-publish","hentry"],"translation":{"provider":"WPGlobus","version":"3.0.2","language":"fr","enabled_languages":["de","gb","fr","es"],"languages":{"de":{"title":true,"content":true,"excerpt":false},"gb":{"title":false,"content":true,"excerpt":false},"fr":{"title":true,"content":true,"excerpt":false},"es":{"title":false,"content":false,"excerpt":false}}},"_links":{"self":[{"href":"https:\/\/waarschip-725-auf-langer-fahrt.de\/fr\/wp-json\/wp\/v2\/pages\/20","targetHints":{"allow":["GET"]}}],"collection":[{"href":"https:\/\/waarschip-725-auf-langer-fahrt.de\/fr\/wp-json\/wp\/v2\/pages"}],"about":[{"href":"https:\/\/waarschip-725-auf-langer-fahrt.de\/fr\/wp-json\/wp\/v2\/types\/page"}],"author":[{"embeddable":true,"href":"https:\/\/waarschip-725-auf-langer-fahrt.de\/fr\/wp-json\/wp\/v2\/users\/7"}],"replies":[{"embeddable":true,"href":"https:\/\/waarschip-725-auf-langer-fahrt.de\/fr\/wp-json\/wp\/v2\/comments?post=20"}],"version-history":[{"count":33,"href":"https:\/\/waarschip-725-auf-langer-fahrt.de\/fr\/wp-json\/wp\/v2\/pages\/20\/revisions"}],"predecessor-version":[{"id":2060,"href":"https:\/\/waarschip-725-auf-langer-fahrt.de\/fr\/wp-json\/wp\/v2\/pages\/20\/revisions\/2060"}],"wp:attachment":[{"href":"https:\/\/waarschip-725-auf-langer-fahrt.de\/fr\/wp-json\/wp\/v2\/media?parent=20"}],"curies":[{"name":"wp","href":"https:\/\/api.w.org\/{rel}","templated":true}]}}