{"id":2189,"date":"2022-07-25T19:16:50","date_gmt":"2022-07-25T17:16:50","guid":{"rendered":"https:\/\/waarschip-725-auf-langer-fahrt.de\/?page_id=2189"},"modified":"2024-10-03T10:34:58","modified_gmt":"2024-10-03T08:34:58","slug":"redondo-iberia","status":"publish","type":"page","link":"https:\/\/waarschip-725-auf-langer-fahrt.de\/fr\/redondo-iberia\/","title":{"rendered":"Redondo iberia"},"content":{"rendered":"\n<p>Les choses ne se passent jamais comme pr\u00e9vu. Ma date de d\u00e9part initiale, la mi-mai, n&#8217;a cess\u00e9 d&#8217;\u00eatre repouss\u00e9e. Je dois maintenant me pr\u00e9parer \u00e0 quelques longues croisi\u00e8res. J&#8217;aimerais atteindre le golfe de Gascogne d&#8217;ici \u00e0 la mi-ao\u00fbt. &nbsp;Bon, vous allez voir \u00e7a ici.<\/p>\n\n\n\n<p>Menu suppl\u00e9mentaire : <a href=\"https:\/\/waarschip-725-auf-langer-fahrt.de\/fr\/ein-anderes-reise-narrativ\/\" data-type=\"URL\" data-id=\"https:\/\/waarschip-725-auf-langer-fahrt.de\/fr\/ein-anderes-reise-narrativ\/\">Un diff\u00e9rent narratif de voyage<\/a><\/p>\n\n\n\n<p>Premier \u00e9l\u00e9ment du menu : <a href=\"https:\/\/waarschip-725-auf-langer-fahrt.de\/fr\/wedel-cherbourg\/\" data-type=\"page\">Wedel &#8211; Cherbourg<\/a><\/p>\n\n\n\n<p>Deuxi\u00e8me \u00e9l\u00e9ment de menu : <a href=\"https:\/\/waarschip-725-auf-langer-fahrt.de\/fr\/cherbourg-la-rochelle\/\" data-type=\"page\">Cherbourg &#8211; La Rochelle<\/a><\/p>\n\n\n\n<p>Troisi\u00e8me \u00e9l\u00e9ment du menu : <a href=\"https:\/\/waarschip-725-auf-langer-fahrt.de\/fr\/la-rochelle-a-coruna\/\" data-type=\"page\">La Rochelle &#8211; La Coruna<\/a><\/p>\n\n\n\n<p>Quatri\u00e8me \u00e9l\u00e9ment de menu : <a href=\"https:\/\/waarschip-725-auf-langer-fahrt.de\/fr\/galicia\/\" data-type=\"page\">Galicia<\/a><\/p>\n\n\n\n<p>Cinqui\u00e8me \u00e9l\u00e9ment de menu : <a href=\"https:\/\/waarschip-725-auf-langer-fahrt.de\/fr\/portugal-norte\/\" data-type=\"page\">Portugal du nord<\/a><\/p>\n\n\n\n<p>Sixi\u00e8me \u00e9l\u00e9ment de menu : <a href=\"https:\/\/waarschip-725-auf-langer-fahrt.de\/fr\/portugal-de-sud\/\" data-type=\"page\" data-id=\"3746\">Portugal de Sud<\/a><\/p>\n\n\n\n<p>Septi\u00e8me \u00e9l\u00e9ment de menu : <a href=\"https:\/\/waarschip-725-auf-langer-fahrt.de\/fr\/andalucia\/\" data-type=\"page\" data-id=\"3905\">Andalousie<\/a><br><br>Huiti\u00e8me \u00e9l\u00e9ment de menu : <a href=\"https:\/\/waarschip-725-auf-langer-fahrt.de\/fr\/murcia-und-valencia\/\" data-type=\"page\" data-id=\"4231\">Murcie et Valence<\/a><\/p>\n\n\n\n<p>Neuvi\u00e8me \u00e9l\u00e9ment de menu : <a href=\"https:\/\/waarschip-725-auf-langer-fahrt.de\/fr\/catalonia\/\" data-type=\"page\" data-id=\"4323\">Catalogne<\/a><\/p>\n\n\n\n<p>Onzi\u00e8me \u00e9l\u00e9ment de menu : <a href=\"https:\/\/waarschip-725-auf-langer-fahrt.de\/fr\/suedfrankreich\/\" data-type=\"page\" data-id=\"4501\">Sud de la France<\/a> <\/p>\n\n\n\n<p>Dixi\u00e8me \u00e9l\u00e9ment de menu : <a href=\"https:\/\/waarschip-725-auf-langer-fahrt.de\/fr\/atlantik-biskaya\/\" data-type=\"page\" data-id=\"4648\">Atlantique &#8211; Golf de Gasconne<\/a><\/p>\n\n\n\n<p>Douzi\u00e8me \u00e9l\u00e9ment de menu : <a href=\"https:\/\/waarschip-725-auf-langer-fahrt.de\/fr\/von-roscoff-bis-calais\/\" data-type=\"page\" data-id=\"4833\">Roscoff &#8211; Calais<\/a><\/p>\n\n\n\n<p>Treizi\u00e8me \u00e9l\u00e9ment de menu : <a href=\"https:\/\/waarschip-725-auf-langer-fahrt.de\/fr\/nieuwpoort-wedel\/\" data-type=\"page\" data-id=\"5236\">Nieuwpoort &#8211; Wedel<\/a><\/p>\n\n\n\n<p><\/p>\n","protected":false},"excerpt":{"rendered":"<p>Les choses ne se passent jamais comme pr\u00e9vu. Ma date de d\u00e9part initiale, la mi-mai, n&#8217;a cess\u00e9 d&#8217;\u00eatre repouss\u00e9e. Je dois maintenant me pr\u00e9parer \u00e0 quelques longues croisi\u00e8res. J&#8217;aimerais atteindre le golfe de Gascogne d&#8217;ici \u00e0 la mi-ao\u00fbt. &nbsp;Bon, vous allez voir \u00e7a ici. Menu suppl\u00e9mentaire : Un diff\u00e9rent narratif de voyage Premier \u00e9l\u00e9ment du [&hellip;]<\/p>\n","protected":false},"author":8,"featured_media":0,"parent":0,"menu_order":0,"comment_status":"closed","ping_status":"closed","template":"page-templates\/full-width.php","meta":{"footnotes":""},"class_list":["post-2189","page","type-page","status-publish","hentry"],"translation":{"provider":"WPGlobus","version":"3.0.2","language":"fr","enabled_languages":["de","gb","fr","es"],"languages":{"de":{"title":true,"content":true,"excerpt":false},"gb":{"title":false,"content":true,"excerpt":false},"fr":{"title":false,"content":true,"excerpt":false},"es":{"title":false,"content":true,"excerpt":false}}},"_links":{"self":[{"href":"https:\/\/waarschip-725-auf-langer-fahrt.de\/fr\/wp-json\/wp\/v2\/pages\/2189","targetHints":{"allow":["GET"]}}],"collection":[{"href":"https:\/\/waarschip-725-auf-langer-fahrt.de\/fr\/wp-json\/wp\/v2\/pages"}],"about":[{"href":"https:\/\/waarschip-725-auf-langer-fahrt.de\/fr\/wp-json\/wp\/v2\/types\/page"}],"author":[{"embeddable":true,"href":"https:\/\/waarschip-725-auf-langer-fahrt.de\/fr\/wp-json\/wp\/v2\/users\/8"}],"replies":[{"embeddable":true,"href":"https:\/\/waarschip-725-auf-langer-fahrt.de\/fr\/wp-json\/wp\/v2\/comments?post=2189"}],"version-history":[{"count":77,"href":"https:\/\/waarschip-725-auf-langer-fahrt.de\/fr\/wp-json\/wp\/v2\/pages\/2189\/revisions"}],"predecessor-version":[{"id":5508,"href":"https:\/\/waarschip-725-auf-langer-fahrt.de\/fr\/wp-json\/wp\/v2\/pages\/2189\/revisions\/5508"}],"wp:attachment":[{"href":"https:\/\/waarschip-725-auf-langer-fahrt.de\/fr\/wp-json\/wp\/v2\/media?parent=2189"}],"curies":[{"name":"wp","href":"https:\/\/api.w.org\/{rel}","templated":true}]}}