{"id":29,"date":"2016-04-25T17:24:25","date_gmt":"2016-04-25T15:24:25","guid":{"rendered":"http:\/\/waarschip-725-auf-langer-fahrt.de\/?page_id=29"},"modified":"2021-11-22T11:04:44","modified_gmt":"2021-11-22T10:04:44","slug":"intro","status":"publish","type":"page","link":"https:\/\/waarschip-725-auf-langer-fahrt.de\/fr\/intro\/","title":{"rendered":"Skipper et bateau"},"content":{"rendered":"\n<p>Je poss\u00e8de mon Waarschip 725 depuis 1989 et j&#8217;ai effectu\u00e9 de nombreux voyages en mer du Nord et en mer Baltique. Chez moi, sur l&#8217;Elbe \u00e0 Hambourg, ma carri\u00e8re de navigateur a commenc\u00e9 sur un cotre de randonn\u00e9e pour jeunes. Apr\u00e8s cela, j&#8217;ai navigu\u00e9 pendant de nombreuses ann\u00e9es sur une belle Elb-H-Yawl. J&#8217;ai appris le voilier d\u00e8s mon plus jeune \u00e2ge, pour ainsi dire, avec toutes les b\u00eatises et les erreurs que l&#8217;on peut faire. En fin de compte, cependant, il s&#8217;agissait d&#8217;une \u00e9ducation solide, ax\u00e9e sur l&#8217;exp\u00e9rience.<\/p>\n\n\n\n<figure class=\"wp-block-image size-full\"><img loading=\"lazy\" decoding=\"async\" width=\"448\" height=\"298\" src=\"https:\/\/waarschip-725-auf-langer-fahrt.de\/wp-content\/uploads\/2016\/12\/amica2.jpg\" alt=\"\" class=\"wp-image-710\" srcset=\"https:\/\/waarschip-725-auf-langer-fahrt.de\/wp-content\/uploads\/2016\/12\/amica2.jpg 448w, https:\/\/waarschip-725-auf-langer-fahrt.de\/wp-content\/uploads\/2016\/12\/amica2-300x200.jpg 300w\" sizes=\"auto, (max-width: 448px) 100vw, 448px\" \/><\/figure>\n\n\n\n<figure class=\"wp-block-image size-full\"><img loading=\"lazy\" decoding=\"async\" width=\"448\" height=\"298\" src=\"https:\/\/waarschip-725-auf-langer-fahrt.de\/wp-content\/uploads\/2016\/12\/amica3.jpg\" alt=\"\" class=\"wp-image-719\" srcset=\"https:\/\/waarschip-725-auf-langer-fahrt.de\/wp-content\/uploads\/2016\/12\/amica3.jpg 448w, https:\/\/waarschip-725-auf-langer-fahrt.de\/wp-content\/uploads\/2016\/12\/amica3-300x200.jpg 300w\" sizes=\"auto, (max-width: 448px) 100vw, 448px\" \/><\/figure>\n\n\n\n<p>Je n&#8217;ai jamais perdu mon enthousiasme pour la navigation sur des bateaux en bois, que j&#8217;\u00e9tais \u00e9galement &#8220;autoris\u00e9&#8221; \u00e0 entretenir en hiver et le passage \u00e0 une Waarschip-725 \u00e9tait \u00e9vident. J&#8217;ai pu admirer les lignes classiques d&#8217;une Waarschip-725, notamment en pays-bas et la d\u00e9cision a donc \u00e9t\u00e9 rapidement prise.<\/p>\n\n\n\n<figure class=\"wp-block-image size-full\"><img loading=\"lazy\" decoding=\"async\" width=\"298\" height=\"448\" src=\"https:\/\/waarschip-725-auf-langer-fahrt.de\/wp-content\/uploads\/2016\/12\/amica1.jpg\" alt=\"\" class=\"wp-image-709\" srcset=\"https:\/\/waarschip-725-auf-langer-fahrt.de\/wp-content\/uploads\/2016\/12\/amica1.jpg 298w, https:\/\/waarschip-725-auf-langer-fahrt.de\/wp-content\/uploads\/2016\/12\/amica1-200x300.jpg 200w\" sizes=\"auto, (max-width: 298px) 100vw, 298px\" \/><\/figure>\n\n\n\n<figure class=\"wp-block-image size-full\"><img loading=\"lazy\" decoding=\"async\" width=\"298\" height=\"448\" src=\"https:\/\/waarschip-725-auf-langer-fahrt.de\/wp-content\/uploads\/2016\/12\/amica4.jpg\" alt=\"\" class=\"wp-image-712\" srcset=\"https:\/\/waarschip-725-auf-langer-fahrt.de\/wp-content\/uploads\/2016\/12\/amica4.jpg 298w, https:\/\/waarschip-725-auf-langer-fahrt.de\/wp-content\/uploads\/2016\/12\/amica4-200x300.jpg 200w\" sizes=\"auto, (max-width: 298px) 100vw, 298px\" \/><\/figure>\n\n\n\n<figure class=\"wp-block-image size-full\"><img loading=\"lazy\" decoding=\"async\" width=\"320\" height=\"483\" src=\"https:\/\/waarschip-725-auf-langer-fahrt.de\/wp-content\/uploads\/2016\/04\/Waarschip-amica-1.jpg\" alt=\"\" class=\"wp-image-78\" srcset=\"https:\/\/waarschip-725-auf-langer-fahrt.de\/wp-content\/uploads\/2016\/04\/Waarschip-amica-1.jpg 320w, https:\/\/waarschip-725-auf-langer-fahrt.de\/wp-content\/uploads\/2016\/04\/Waarschip-amica-1-199x300.jpg 199w\" sizes=\"auto, (max-width: 320px) 100vw, 320px\" \/><\/figure>\n\n\n\n<p>Depuis mon premier long voyage en Norv\u00e8ge en 2003, voyager avec un petit bateau ne m&#8217;a jamais quitt\u00e9. En 2015, j&#8217;ai navigateur solitaire autour du Danemark, pour ainsi dire comme un exercice pour d&#8217;autres voyages Et j&#8217;ai \u00e9t\u00e9 agr\u00e9ablement surpris de voir \u00e0 quel point \u00e7a marche bien. Je n&#8217;ai pas besoin d&#8217;un plus gros bateau.<\/p>\n\n\n\n<figure class=\"wp-block-image size-full\"><img loading=\"lazy\" decoding=\"async\" width=\"448\" height=\"299\" src=\"https:\/\/waarschip-725-auf-langer-fahrt.de\/wp-content\/uploads\/2016\/08\/Elbe1.jpg\" alt=\"\" class=\"wp-image-942\" srcset=\"https:\/\/waarschip-725-auf-langer-fahrt.de\/wp-content\/uploads\/2016\/08\/Elbe1.jpg 448w, https:\/\/waarschip-725-auf-langer-fahrt.de\/wp-content\/uploads\/2016\/08\/Elbe1-300x200.jpg 300w\" sizes=\"auto, (max-width: 448px) 100vw, 448px\" \/><\/figure>\n\n\n\n<p><strong>Dix raisons qui me donnent envie de larguer les amarres et de prendre le large.<\/strong><\/p>\n\n\n\n<p>Je veux sentir les forces qui poussent un bateau sous le vent et le propulsent. Cela me donne un sentiment de bonheur optimiser le r\u00e9glage des voiles. C&#8217;est un sentiment extr\u00eamement satisfaisant lorsque, \u00e0 la fin, l&#8217;eau fr\u00f4le plus rapidement le c\u00f4t\u00e9 du bateau et rejoint le sillage avec un gargouillement. Oui, c&#8217;est aussi le marin de d\u00e9riveur et de r\u00e9gate en moi.<\/p>\n\n\n\n<p>J&#8217;aime entendre le silence de la mer. Je n&#8217;entends pas par l\u00e0 silence absolu, mais l&#8217;absence d&#8217;agitation et de bruit sur terre. Seuls quelques sons subsistent : le bris des cr\u00eates des vagues et le rush de la vague d&#8217;\u00e9trave. Le bruit du vent dans les haubans et le grincement des suspentes.<\/p>\n\n\n\n<p>Je trouve tr\u00e8s agr\u00e9able de sentir le mouvement permanent d&#8217;une houle et de m&#8217;exposer au vent et aux vagues. Parfois, c&#8217;est dur, parfois, c&#8217;est doux, mais c&#8217;est toujours de haut en bas, d&#8217;avant en arri\u00e8re.<\/p>\n\n\n\n<p>Cela demande aussi de ne pas perdre le respect pour ces forces de la nature, d&#8217;apprendre l&#8217;humilit\u00e9 et la patience. En fin de compte, la nature est plus forte, tous les plans ne peuvent \u00eatre r\u00e9alis\u00e9s, toutes les routes ne peuvent \u00eatre emprunt\u00e9es. Attendre de meilleures conditions est une qualit\u00e9 que j&#8217;ai d\u00fb exp\u00e9rimenter \u00e0 nouveau. La lenteur devient une vertu.<\/p>\n\n\n\n<p>En retour, une autre notion du temps se d\u00e9veloppe, il n&#8217;y a plus de d\u00e9lais \u00e0 respecter, il n&#8217;y a plus \u00e0 finir, il n&#8217;y a plus \u00e0 r\u00e9aliser. La performance est d\u00e9finie diff\u00e9remment dans la voile. C&#8217;est agr\u00e9able de pouvoir me demander plus souvent quel jour nous sommes.<\/p>\n\n\n\n<p>Et bien s\u00fbr, il y a le go\u00fbt et l&#8217;odeur de l&#8217;eau sal\u00e9e, la sensation de picotement sur la peau. C&#8217;est plus intense au fur et \u00e0 mesure que je vais vers l&#8217;ouest, vers l&#8217;Atlantique.<\/p>\n\n\n\n<p>Et les rayons chauds du soleil au lever ou apr\u00e8s le passage d&#8217;un front de pluie sont toujours des exp\u00e9riences r\u00e9jouissantes.<\/p>\n\n\n\n<p>Je rel\u00e8ve le d\u00e9fi de naviguer m\u00eame dans des zones difficiles avec une bonne navigation et une bonne m\u00e9t\u00e9orologie. \u00c0 la fin, je me f\u00e9licite d&#8217;avoir r\u00e9ussi un tel exploit.<\/p>\n\n\n\n<p>Les exp\u00e9riences dans d&#8217;autres r\u00e9gions et pays sont particuli\u00e8rement passionnantes. Je ressens les diff\u00e9rences de mani\u00e8re beaucoup plus intense que si je me contente d&#8217;un court voyage de vacances dans les pays concern\u00e9s. Je peux m&#8217;engager plus intens\u00e9ment avec les gens et on rencontre des gens vraiment int\u00e9ressants en cours de route. La communication linguistique est secondaire, la curiosit\u00e9 surmonte tous les obstacles.<\/p>\n\n\n\n<p>Finalement, quand tout est r\u00e8gle, le bateau est devenu une nouvelle maison. <strong>C&#8217;est tout ce dont j&#8217;ai besoin !<\/strong><\/p>\n\n\n\n<p>Ce que je n&#8217;ai pas trouv\u00e9, c&#8217;est l&#8217;aventure et la libert\u00e9. Tout au plus, il y a eu des situations aventureuses que je ne veux pas revivre. La seule libert\u00e9 de choix que j&#8217;ai est de sortir, mais alors le vent, les vagues, le courant et la m\u00e9t\u00e9o me d\u00e9terminent. Et qu&#8217;en est-il de la d\u00e9tente tant vant\u00e9e en contraste avec la vie professionnelle d&#8217;aujourd&#8217;hui ou la vie tr\u00e9pidante de la soci\u00e9t\u00e9 moderne ? Les horaires sont diff\u00e9rents, les t\u00e2ches sont diff\u00e9rentes, les exigences sont diff\u00e9rentes, ce qui peut entra\u00eener une qualit\u00e9 de vie diff\u00e9rente. Mais j&#8217;ai aussi fait la connaissance de personnes qui ne pouvaient pas s&#8217;impliquer dans la situation particuli\u00e8re et qui planifiaient m\u00e9ticuleusement leur voyage.<\/p>\n\n\n\n<p>J&#8217;ai d\u00e9lib\u00e9r\u00e9ment choisi le titre &#8220;Waarschip 725 au long cours&#8221; pour le distinguer des longs voyages, car ces derniers sont associ\u00e9s \u00e0 la navigation au moins \u00e0 travers l&#8217;Atlantique. Cependant, je fais d\u00e9j\u00e0 de plus longs voyages \u00e0 la voile, c&#8217;est-\u00e0-dire plus que Voyage de vacances. Plus long fait r\u00e9f\u00e9rence \u00e0 la fois \u00e0 la distance et \u00e0 la dur\u00e9e. Pour tenter de d\u00e9finir ce qu&#8217;est un long voyage ou un voyage plus long, j&#8217;ai un jour trouv\u00e9 la r\u00e9ponse dans un forum : Vous \u00eates dans un long voyage quand il vous change personnellement. Ou pour le dire de mani\u00e8re plus radicale : \u00e0 un moment donn\u00e9, vous devez faire face \u00e0 des vis desserr\u00e9es, tant celles du bateau que celles dans votre t\u00eate. Tu peux serrer celles du bateau, mais tu ne peux pas t&#8217;emp\u00eacher de devenir bizarre. Beaucoup de ceux qui sont sortis depuis longtemps retrouvent rarement le chemin de la vie quotidienne normale.<\/p>\n\n\n\n<p>Janvier 2017<\/p>\n","protected":false},"excerpt":{"rendered":"<p>Je poss\u00e8de mon Waarschip 725 depuis 1989 et j&#8217;ai effectu\u00e9 de nombreux voyages en mer du Nord et en mer Baltique. Chez moi, sur l&#8217;Elbe \u00e0 Hambourg, ma carri\u00e8re de navigateur a commenc\u00e9 sur un cotre de randonn\u00e9e pour jeunes. Apr\u00e8s cela, j&#8217;ai navigu\u00e9 pendant de nombreuses ann\u00e9es sur une belle Elb-H-Yawl. J&#8217;ai appris le [&hellip;]<\/p>\n","protected":false},"author":7,"featured_media":0,"parent":0,"menu_order":1,"comment_status":"closed","ping_status":"closed","template":"page-templates\/full-width.php","meta":{"footnotes":""},"class_list":["post-29","page","type-page","status-publish","hentry"],"translation":{"provider":"WPGlobus","version":"3.0.2","language":"fr","enabled_languages":["de","gb","fr","es"],"languages":{"de":{"title":true,"content":true,"excerpt":false},"gb":{"title":true,"content":true,"excerpt":false},"fr":{"title":true,"content":true,"excerpt":false},"es":{"title":false,"content":false,"excerpt":false}}},"_links":{"self":[{"href":"https:\/\/waarschip-725-auf-langer-fahrt.de\/fr\/wp-json\/wp\/v2\/pages\/29","targetHints":{"allow":["GET"]}}],"collection":[{"href":"https:\/\/waarschip-725-auf-langer-fahrt.de\/fr\/wp-json\/wp\/v2\/pages"}],"about":[{"href":"https:\/\/waarschip-725-auf-langer-fahrt.de\/fr\/wp-json\/wp\/v2\/types\/page"}],"author":[{"embeddable":true,"href":"https:\/\/waarschip-725-auf-langer-fahrt.de\/fr\/wp-json\/wp\/v2\/users\/7"}],"replies":[{"embeddable":true,"href":"https:\/\/waarschip-725-auf-langer-fahrt.de\/fr\/wp-json\/wp\/v2\/comments?post=29"}],"version-history":[{"count":48,"href":"https:\/\/waarschip-725-auf-langer-fahrt.de\/fr\/wp-json\/wp\/v2\/pages\/29\/revisions"}],"predecessor-version":[{"id":2073,"href":"https:\/\/waarschip-725-auf-langer-fahrt.de\/fr\/wp-json\/wp\/v2\/pages\/29\/revisions\/2073"}],"wp:attachment":[{"href":"https:\/\/waarschip-725-auf-langer-fahrt.de\/fr\/wp-json\/wp\/v2\/media?parent=29"}],"curies":[{"name":"wp","href":"https:\/\/api.w.org\/{rel}","templated":true}]}}