{"id":2927,"date":"2023-01-27T11:05:17","date_gmt":"2023-01-27T10:05:17","guid":{"rendered":"https:\/\/waarschip-725-auf-langer-fahrt.de\/?page_id=2927"},"modified":"2023-07-14T20:55:14","modified_gmt":"2023-07-14T18:55:14","slug":"ein-anderes-reise-narrativ","status":"publish","type":"page","link":"https:\/\/waarschip-725-auf-langer-fahrt.de\/fr\/ein-anderes-reise-narrativ\/","title":{"rendered":"Un different narratif de voyage"},"content":{"rendered":"\n<p>En 2018, j&#8217;ai rencontr\u00e9 en France des Anglais curieux qui s&#8217;int\u00e9ressaient non seulement \u00e0 mon voyage avec un petit bateau, mais aussi \u00e0 ma motivation pour le faire de cette mani\u00e8re. Je devais avoir un objectif particulier pour entreprendre de telles croisi\u00e8res dans un bateau pas vraiment confortable. Il ne s&#8217;agirait pas pour moi de &#8220;collectionner des troph\u00e9es&#8221;, c&#8217;est-\u00e0-dire d&#8217;atteindre des objectifs ambitieux, d&#8217;\u00e9num\u00e9rer un grand nombre de ports visit\u00e9s ou de parcourir le plus de mille possibles sous la quille. Bien trop souvent, je serais dans le port et je regarderais plut\u00f4t autour de moi, je laisserais la r\u00e9gion et les gens agir sur moi. Je serais plut\u00f4t \u00e0 la recherche de quelque chose \u00e0 d\u00e9couvrir. Des gens comme \u00e7a, il y en a plus fr\u00e9quemment qu&#8217;on ne veut le croire &#8211; des gens qui passent beaucoup de temps sur leur bateau, qui y installent le centre de leur vie et qui sont tr\u00e8s contents d&#8217;eux.<\/p>\n\n\n\n<p>\u00c0 l&#8217;\u00e9poque, je sentais et pressentais davantage ce que j&#8217;esp\u00e9rais trouver. Celui qui cherche quelque chose veut certainement trouver quelque chose. Parfois, on d\u00e9couvre aussi quelque chose qui est en fait constamment pr\u00e9sent \u00e0 la maison. L&#8217;une des premi\u00e8res choses que j&#8217;ai remarqu\u00e9es en rentrant \u00e0 Hambourg est qu&#8217;ici, on se plaint beaucoup. De m\u00eame, le travail semble \u00eatre la chose la plus importante dans la vie, il est toujours pr\u00e9sent, dans les conversations (tout est terriblement fatigant), \u00e0 chaque rendez-vous (je n&#8217;ai pas le temps) et dans le paysage urbain (personnes agit\u00e9es). Certains affirment qu&#8217;il s&#8217;agit de la &#8220;vraie vie&#8221;. Ces ph\u00e9nom\u00e8nes \u00e9taient vraiment absents en cours de voyage.<\/p>\n\n\n\n<p>Lors de mon voyage en voilier aux confins du monde tr\u00e9pidant, je n&#8217;aime pas faire une sorte de pause, m&#8217;\u00e9vader un moment de la &#8220;vraie vie&#8221;. Non, je cherche des r\u00e9ponses \u00e0 la question de savoir si nous pouvons ressentir, penser et agir diff\u00e9remment. Pour comprendre d&#8217;autres fa\u00e7ons de penser, de ressentir et d&#8217;agir, nous devons nous lib\u00e9rer des structures qui nous emprisonnent. Un long voyage, une longue navigation semble \u00eatre une bonne possibilit\u00e9. Mais ce d\u00e9tachement des obligations, des d\u00e9lais et des tensions ne sont pas automatiques. J&#8217;ai aussi rencontr\u00e9 des navigateurs qui voyagent selon un horaire. Par exemple, ils avaient d\u00e9j\u00e0 r\u00e9serv\u00e9 un vol aller-retour quelque part. Ils devaient absolument y aller, qu&#8217;ils en aient envie ou qu&#8217;il fasse beau.<\/p>\n\n\n\n<p>J&#8217;ai \u00e9t\u00e9 tr\u00e8s rapide cette fois aussi, car je voulais faire le tour de l&#8217;Espagne, c&#8217;est-\u00e0-dire atteindre un objectif. Mon planning a \u00e9t\u00e9 annul\u00e9 dans l&#8217;Aber Wrac&#8217;h, mais surtout dans le nord de l&#8217;Espagne. Ce sont des endroits o\u00f9 il y avait plus de jours au port et o\u00f9 j&#8217;ai r\u00e9alis\u00e9 qu&#8217;avoir du temps est tr\u00e8s important. La premi\u00e8re est que personne ne me force \u00e0 rentrer chez moi \u00e0 l&#8217;automne 2023. L&#8217;autre est une valeur particuli\u00e8re : il faut apprendre \u00e0 regarder l&#8217;heure. Je n&#8217;ai rien \u00e0 faire de &#8220;mon temps&#8221;, je n&#8217;ai rien \u00e0 planifier ni de liste \u00e0 suivre. Tout peut \u00eatre report\u00e9, voire superflu, ce n&#8217;est pas n\u00e9cessaire.<\/p>\n\n\n\n<p>J&#8217;ai donc d\u00e9cid\u00e9 de faire une pause plus longue \u00e0 Aviles pour \u00e9crire ce que j&#8217;ai v\u00e9cu afin de ne pas l&#8217;oublier. En fait, me souvenir de tous les petits \u00e9v\u00e9nements qui m&#8217;ont marqu\u00e9 \u00e9tait et devient de plus en plus difficile. La sp\u00e9cificit\u00e9 de ce que l&#8217;on vit et de ce que l&#8217;on vit s&#8217;estompe trop vite, surtout lorsqu&#8217;il s&#8217;agit de naviguer au quotidien.<\/p>\n\n\n\n<p>Janvier 2023<\/p>\n\n\n\n<p>Changements<\/p>\n\n\n\n<p>Ces derni\u00e8res semaines, j&#8217;\u00e9cris ceci d\u00e9but juillet 2023, j&#8217;ai souvent discut\u00e9 avec des plaisanciers espagnols. Ils \u00e9taient tr\u00e8s \u00e9tonn\u00e9s lorsque je leur ai parl\u00e9 de mon itin\u00e9raire. La c\u00f4te nord de l&#8217;Espagne, le Cabo Ortegal et la Costa de la Muerte sont des zones auxquelles il faut naviguer avec beaucoup de prudence. Les grands bateaux lourds y sont un avantage, avec un si petit bateau de moins de 8 m, c&#8217;est une performance sportive et cela demande beaucoup d&#8217;exp\u00e9rience en mer.<\/p>\n\n\n\n<p>Je me souviens que les Fran\u00e7ais me disaient la m\u00eame chose l&#8217;ann\u00e9e derni\u00e8re, apr\u00e8s le tour du Finist\u00e8re, par le Canal du Four et le Raz de Seine. Les Anglais m&#8217;ont \u00e9galement t\u00e9moign\u00e9 du respect en 2018 lorsque je leur ai parl\u00e9 du tour du Cap la Hague et de la travers\u00e9e de la Manche.<\/p>\n\n\n\n<p>Parfois, j&#8217;oublie que je suis sur un tout petit bateau. Certes, il m&#8217;est arriv\u00e9 de penser qu&#8217;avec quelques m\u00e8tres et quelques tonnes de plus, la vie \u00e0 bord serait plus facile, mais je l&#8217;oublie vite. Pour moi, mon amica est une normalit\u00e9 \u00e0 laquelle je me suis habitu\u00e9. C&#8217;est dans cette perspective que je fais l&#8217;exp\u00e9rience de la gestion de la mer, du vent et des distances \u00e0 parcourir. C&#8217;est l&#8217;une des particularit\u00e9s de mon voyage, la mani\u00e8re de planifier une croisi\u00e8re, le respect de la houle atlantique, en particulier sur les c\u00f4tes, la vie \u00e0 bord, en route et dans les ports. Je ne peux toutefois pas occulter le fait que je voyage en solitaire, mais j&#8217;\u00e9crirai plus tard sur la solitude.<\/p>\n\n\n\n<p>Outre les exp\u00e9riences avec les gens \u00e0 terre, ce sont bien s\u00fbr des choses qui me marquent, qui me changent. Ce n&#8217;est pas aussi visible et facile \u00e0 formuler. Bien entendu, en France, on ne peut pas passer \u00e0 c\u00f4t\u00e9 de la politesse respectueuse, en Espagne, on fait l&#8217;exp\u00e9rience d&#8217;une ouverture d&#8217;esprit et d&#8217;une grande serviabilit\u00e9 dans beaucoup de choses. Il faudrait que je sois un idiot pour ne pas en tenir compte. Certainement, cela m&#8217;am\u00e8ne \u00e0 m&#8217;adapter et \u00e0 en profiter. Je n&#8217;ai jamais \u00e0 chercher quoi que ce soit.<\/p>\n\n\n\n<p>Je ne remarque m\u00eame plus que je suis en train de faire un grand voyage, tellement je m&#8217;y suis habitu\u00e9. Le centre de ma vie est d\u00e9sormais \u00e0 bord, avec toutes les restrictions que cela implique. J&#8217;ai l&#8217;horizon lointain, le ciel bleu et la grande mer, pourquoi avoir besoin de confort et de commodit\u00e9 ? Je connais \u00e0 pr\u00e9sent intuitivement les dimensions de mon bateau, il n&#8217;y a plus de bleus. Tout est bien rang\u00e9, je ne dois jamais rien chercher.<\/p>\n\n\n\n<p>Laver le linge dans les Centre de lavage (lavanderias) est devenu une routine. Faire ses courses dans les supermarch\u00e9s Frios ou Eroski est pour moi une exp\u00e9rience. Qu&#8217;est-ce que je tiens dans ma main ? Bien s\u00fbr, je ne peux pas passer \u00e0 c\u00f4t\u00e9 du jambon, de pr\u00e9f\u00e9rence fra\u00eechement coup\u00e9 : diez lonchas de Serano Reserva, por favor. Le traducteur de Google m&#8217;aide presque toujours. La d\u00e9couverte de la parafina en remplacement du p\u00e9trole et de l&#8217;alcool de quemar sans parfum en fait \u00e9galement partie.<\/p>\n\n\n\n<p>Puis, bien s\u00fbr, il y a la mer, la houle, le temps, le climat, le ciel et l&#8217;horizon, ainsi que les dauphins. J&#8217;ai fait la paix avec la mer, qui me fait bouger plus ou moins constamment, m\u00eame dans les ports. Il n&#8217;y a plus de compensation, les mouvements font partie de moi. Je peux aussi dormir tranquillement quand amica s&#8217;agite dans les amarres. En route, il est devenu naturel de ne faire que ramper ou s&#8217;asseoir, rester debout ou marcher est un tabou absolu. Ainsi, la mer ne me fait pas de mal.<\/p>\n\n\n\n<p>Le temps est diff\u00e9rent ici en Espagne, les fronts de d\u00e9pressions sont rares et les c\u00f4tes ne sont fr\u00f4l\u00e9es qu&#8217;en hiver. J&#8217;ai pu en faire l&#8217;exp\u00e9rience en d\u00e9cembre et l&#8217;observer de loin \u00e0 Hambourg. M\u00eame en mai, il y a encore eu quelques passages de fronts, il faisait alors froid et venteux et la houle \u00e9tait haute. En m\u00eame temps, sur la c\u00f4te nord de l&#8217;Espagne, j&#8217;ai d\u00e9j\u00e0 fait mes premi\u00e8res exp\u00e9riences avec le ph\u00e9nom\u00e8ne de l&#8217;Espagne chaude. Le matin, le temps est relativement calme, mais \u00e0 partir de midi, le vent s&#8217;intensifie. Entre-temps, un anticyclone s&#8217;est stabilis\u00e9 entre les A\u00e7ores et ici, ainsi que le fameux coin vers la Bretagne. Cela aplatit la houle venant du nord. Ici, sur la c\u00f4te ouest, la nortada, le vent du nord, s&#8217;est install\u00e9. Avec son rythme typique, paisible le matin, fort l&#8217;apr\u00e8s-midi. Ce rythme d\u00e9termine aussi la mani\u00e8re de naviguer, pas de grasse matin\u00e9e, c&#8217;est toujours un d\u00e9part matinal et un retour au port \u00e0 midi. Ensuite, on fait la sieste, il fait de toute fa\u00e7on beaucoup trop chaude. Je fais la m\u00eame chose au port, le matin, je fais tout ce qu&#8217;il y a \u00e0 faire et \u00e0 partir de midi, je m&#8217;installe dans un coin \u00e0 l&#8217;ombre. C&#8217;est comme \u00e7a qu&#8217;on vit dans le sud. Lorsque j&#8217;ai planifi\u00e9 mon tour d&#8217;Espagne et du Portugal, j&#8217;ai \u00e9galement tenu compte de mes capacit\u00e9s physiques. J&#8217;ai notamment pris en compte les conditions climatiques dans le sud, o\u00f9 la temp\u00e9rature peut rapidement d\u00e9passer les 30 degr\u00e9s. Il \u00e9tait donc clair d\u00e8s le d\u00e9part que je ne naviguerais dans le sud de la p\u00e9ninsule ib\u00e9rique, c&#8217;est-\u00e0-dire \u00e0 partir de Lisbonne, que pendant le semestre d&#8217;hiver. L&#8217;ann\u00e9e derni\u00e8re, en 2022, j&#8217;ai \u00e9t\u00e9 surpris par la canicule en Normandie. Mon thermom\u00e8tre a enregistr\u00e9 la valeur maximale, 41,3 degr\u00e9s. Heureusement, ce n&#8217;\u00e9tait qu&#8217;une valeur journali\u00e8re, apr\u00e8s quoi j&#8217;ai gel\u00e9 durant un certain temps \u00e0 22 degr\u00e9s. Mais, c&#8217;\u00e9tait un signe que les temp\u00e9ratures en France, en Espagne et au Portugal augmentent extr\u00eamement en \u00e9t\u00e9. Or, l&#8217;Espagne a d\u00e9j\u00e0 connu plus d&#8217;une vague de chaleur et m\u00eame ici, au nord, sur la c\u00f4te atlantique, il fait bien trop chaud. Ajoutez \u00e0 cela un indice UV de 10. L&#8217;Espagne et le Portugal en \u00e9t\u00e9 ne sont pas recommand\u00e9s pour un nomade de la voile, surtout si vous n&#8217;\u00eates plus tout jeune. Je dois avancer prudemment, la planification du voyage \u00e0 la voile inclut d\u00e9sormais la position du soleil et les temp\u00e9ratures. Passer l&#8217;\u00e9t\u00e9 ici, dans les rias, est une option pour beaucoup.<\/p>\n\n\n\n<p>2 juillet 2023<\/p>\n","protected":false},"excerpt":{"rendered":"<p>En 2018, j&#8217;ai rencontr\u00e9 en France des Anglais curieux qui s&#8217;int\u00e9ressaient non seulement \u00e0 mon voyage avec un petit bateau, mais aussi \u00e0 ma motivation pour le faire de cette mani\u00e8re. Je devais avoir un objectif particulier pour entreprendre de telles croisi\u00e8res dans un bateau pas vraiment confortable. Il ne s&#8217;agirait pas pour moi de [&hellip;]<\/p>\n","protected":false},"author":8,"featured_media":0,"parent":0,"menu_order":0,"comment_status":"closed","ping_status":"closed","template":"page-templates\/front-page.php","meta":{"footnotes":""},"class_list":["post-2927","page","type-page","status-publish","hentry"],"translation":{"provider":"WPGlobus","version":"3.0.2","language":"fr","enabled_languages":["de","gb","fr","es"],"languages":{"de":{"title":true,"content":true,"excerpt":false},"gb":{"title":true,"content":true,"excerpt":false},"fr":{"title":true,"content":true,"excerpt":false},"es":{"title":true,"content":true,"excerpt":false}}},"_links":{"self":[{"href":"https:\/\/waarschip-725-auf-langer-fahrt.de\/fr\/wp-json\/wp\/v2\/pages\/2927","targetHints":{"allow":["GET"]}}],"collection":[{"href":"https:\/\/waarschip-725-auf-langer-fahrt.de\/fr\/wp-json\/wp\/v2\/pages"}],"about":[{"href":"https:\/\/waarschip-725-auf-langer-fahrt.de\/fr\/wp-json\/wp\/v2\/types\/page"}],"author":[{"embeddable":true,"href":"https:\/\/waarschip-725-auf-langer-fahrt.de\/fr\/wp-json\/wp\/v2\/users\/8"}],"replies":[{"embeddable":true,"href":"https:\/\/waarschip-725-auf-langer-fahrt.de\/fr\/wp-json\/wp\/v2\/comments?post=2927"}],"version-history":[{"count":11,"href":"https:\/\/waarschip-725-auf-langer-fahrt.de\/fr\/wp-json\/wp\/v2\/pages\/2927\/revisions"}],"predecessor-version":[{"id":3443,"href":"https:\/\/waarschip-725-auf-langer-fahrt.de\/fr\/wp-json\/wp\/v2\/pages\/2927\/revisions\/3443"}],"wp:attachment":[{"href":"https:\/\/waarschip-725-auf-langer-fahrt.de\/fr\/wp-json\/wp\/v2\/media?parent=2927"}],"curies":[{"name":"wp","href":"https:\/\/api.w.org\/{rel}","templated":true}]}}