{"id":31,"date":"2016-04-25T17:44:39","date_gmt":"2016-04-25T15:44:39","guid":{"rendered":"http:\/\/waarschip-725-auf-langer-fahrt.de\/?page_id=31"},"modified":"2016-09-28T07:27:36","modified_gmt":"2016-09-28T05:27:36","slug":"impressum","status":"publish","type":"page","link":"https:\/\/waarschip-725-auf-langer-fahrt.de\/fr\/impressum\/","title":{"rendered":"Impressum"},"content":{"rendered":"<p><strong>Betreiber der Webseite waarschip-725-auf-gro\u00dfer-fahrt.de:<\/strong><\/p>\n<p>Michael Wieland<\/p>\n<p><a href=\"mailto:kontakt@waarschip-725-auf-langer-fahrt.de\">kontakt@waarschip-725-auf-langer-fahrt.de<\/a><\/p>\n<p>&nbsp;<\/p>\n<p><strong>Haftungsausschluss<\/strong><\/p>\n<p>F\u00fcr die Inhalte externer Webseiten, die verlinkt sind oder auf die es im Text Hinweise gibt, wird keine Haftung \u00fcbernommen. F\u00fcr die Inhalte dieser Seiten sind ausschlie\u00dflich deren Betreiber verantwortlich.<\/p>\n<p>Alle Inhalte wurden mit gr\u00f6\u00dfter Sorgfalt erstellt, f\u00fcr die Richtigkeit und Aktualit\u00e4t der Informationen kann ich aber keine Gew\u00e4hr \u00fcbernehmen. Ebenso wird eine Gew\u00e4hrleistung und Haftung im Zusammenhang mit der Nutzung dieser Website ausgeschlossen. Insbesondere wird keine Haftung f\u00fcr Sch\u00e4den jeglicher Art \u00fcbernommen, die mit Kopien und Downloads von dieser Website entstehen k\u00f6nnen. Jeder Nutzer erkl\u00e4rt sich damit einverstanden, auf die Website und deren Inhalte auf eigenes Risiko zuzugreifen.<\/p>\n<p>&nbsp;<\/p>\n<p><strong>Copyright<\/strong><\/p>\n<p>Alle erstellten Inhalte (Texte, Bilder oder Filme) auf diesen Webseiten sind Eigentum des Autors. Sie d\u00fcrfen ohne vorherige Zustimmung weder vervielf\u00e4ltigt, verarbeitet noch weiter verbreitet werden. Nutzung des Materials oder Teile des Materials ist mit vorheriger Zustimmung m\u00f6glich. Downloads und Kopien dieser Seite sind nur f\u00fcr den privaten, nicht kommerziellen Gebrauch gestattet. Bei einer Verletzung des Copyrights drohen juristische Ma\u00dfnahmen.<\/p>\n<p>&nbsp;<\/p>\n<p>&nbsp;<\/p>\n","protected":false},"excerpt":{"rendered":"<p>Betreiber der Webseite waarschip-725-auf-gro\u00dfer-fahrt.de: Michael Wieland kontakt@waarschip-725-auf-langer-fahrt.de &nbsp; Haftungsausschluss F\u00fcr die Inhalte externer Webseiten, die verlinkt sind oder auf die es im Text Hinweise gibt, wird keine Haftung \u00fcbernommen. F\u00fcr die Inhalte dieser Seiten sind ausschlie\u00dflich deren Betreiber verantwortlich. Alle Inhalte wurden mit gr\u00f6\u00dfter Sorgfalt erstellt, f\u00fcr die Richtigkeit und Aktualit\u00e4t der Informationen kann ich [&hellip;]<\/p>\n","protected":false},"author":7,"featured_media":0,"parent":0,"menu_order":30,"comment_status":"closed","ping_status":"closed","template":"page-templates\/full-width.php","meta":{"footnotes":""},"class_list":["post-31","page","type-page","status-publish","hentry"],"translation":{"provider":"WPGlobus","version":"3.0.2","language":"fr","enabled_languages":["de","gb","fr","es"],"languages":{"de":{"title":true,"content":true,"excerpt":false},"gb":{"title":false,"content":false,"excerpt":false},"fr":{"title":false,"content":false,"excerpt":false},"es":{"title":false,"content":false,"excerpt":false}}},"_links":{"self":[{"href":"https:\/\/waarschip-725-auf-langer-fahrt.de\/fr\/wp-json\/wp\/v2\/pages\/31","targetHints":{"allow":["GET"]}}],"collection":[{"href":"https:\/\/waarschip-725-auf-langer-fahrt.de\/fr\/wp-json\/wp\/v2\/pages"}],"about":[{"href":"https:\/\/waarschip-725-auf-langer-fahrt.de\/fr\/wp-json\/wp\/v2\/types\/page"}],"author":[{"embeddable":true,"href":"https:\/\/waarschip-725-auf-langer-fahrt.de\/fr\/wp-json\/wp\/v2\/users\/7"}],"replies":[{"embeddable":true,"href":"https:\/\/waarschip-725-auf-langer-fahrt.de\/fr\/wp-json\/wp\/v2\/comments?post=31"}],"version-history":[{"count":7,"href":"https:\/\/waarschip-725-auf-langer-fahrt.de\/fr\/wp-json\/wp\/v2\/pages\/31\/revisions"}],"predecessor-version":[{"id":2402,"href":"https:\/\/waarschip-725-auf-langer-fahrt.de\/fr\/wp-json\/wp\/v2\/pages\/31\/revisions\/2402"}],"wp:attachment":[{"href":"https:\/\/waarschip-725-auf-langer-fahrt.de\/fr\/wp-json\/wp\/v2\/media?parent=31"}],"curies":[{"name":"wp","href":"https:\/\/api.w.org\/{rel}","templated":true}]}}