{"id":979,"date":"2017-06-23T10:29:36","date_gmt":"2017-06-23T08:29:36","guid":{"rendered":"http:\/\/waarschip-725-auf-langer-fahrt.de\/?page_id=979"},"modified":"2025-02-02T07:42:59","modified_gmt":"2025-02-02T06:42:59","slug":"aktuell","status":"publish","type":"page","link":"https:\/\/waarschip-725-auf-langer-fahrt.de\/fr\/","title":{"rendered":"Nos voyages \u00e0 la voile"},"content":{"rendered":"\n<p class=\"has-text-align-center\"><\/p>\n\n\n\n<h1 class=\"wp-block-heading has-text-align-center\"><strong>Ce n&#8217;est pas la mer,<br>que nous conqu\u00e9rons,<br>mais nous-m\u00eames.<\/strong><\/h1>\n\n\n\n<h6 class=\"wp-block-heading has-text-align-right\">(d&#8217;apr\u00e8s Edmund Hillary)<\/h6>\n\n\n\n<p>Bonjour et bienvenue<\/p>\n\n\n\n<p>Sur ces pages, je raconte mes exp\u00e9riences de navigation extraordinaires avec mon Waarschip 725, un petit bateau avec lequel j&#8217;ai parcouru les c\u00f4tes de l&#8217;Europe occidentale et de l&#8217;Atlantique. Habitant \u00e0 Hambourg, je m\u2019int\u00e9ressais \u00e0 l\u2019Europe de l\u2019Ouest et du Sud-Ouest.<\/p>\n\n\n\n<p>En 2016, j&#8217;ai navigu\u00e9 jusqu&#8217;au nord de la France.<\/p>\n\n\n\n<p>En 2018, j&#8217;ai fait un tour dans la Manche, visitant<a href=\"https:\/\/waarschip-725-auf-langer-fahrt.de\/fr\/auf-nach-england\/\" data-type=\"page\" data-id=\"1079\"> l&#8217;Angleterre et la Bretagne<\/a>.<\/p>\n\n\n\n<p>Puis, de 2022 \u00e0 2024, j&#8217;ai fait une longue naviguer autour du <a href=\"https:\/\/waarschip-725-auf-langer-fahrt.de\/fr\/redondo-iberia\/\" data-type=\"page\" data-id=\"2189\">Portugal et de l&#8217;Espagne<\/a>.<\/p>\n\n\n\n<p>Il s\u2019agissait de voyages de d\u00e9couverte qui menaient non seulement \u00e0 d\u2019autres r\u00e9gions du monde, mais aussi \u00e0 d\u2019autres modes de vie et \u00e0 d\u2019autres cultures. Et c\u2019\u00e9tait un voyage vers moi-m\u00eame.<\/p>\n\n\n\n<p>Il s&#8217;agissait de relever les d\u00e9fis de navigation des c\u00f4tes du nord et de l&#8217;ouest de la France, de la c\u00f4te nord de l&#8217;Espagne et de la c\u00f4te ouest du Portugal. J&#8217;ai \u00e9vit\u00e9 la haute mer et je n&#8217;ai presque pas navigu\u00e9 de nuit. En revanche, j&#8217;ai d\u00fb me confronter aux conditions de mer, aux courants et aux conditions m\u00e9t\u00e9orologiques particuli\u00e8res, notamment au niveau des nombreux caps, du Cap de la Hague au Cap de S\u00e3o Vicente et Gibraltar.<\/p>\n\n\n\n<p>J&#8217;ai re\u00e7u beaucoup de respect de la part des navigateurs fran\u00e7ais, espagnols et portugais, surtout en ce qui concerne mon bateau pourtant tr\u00e8s petit. J&#8217;ai en outre d\u00e9couvert une politesse, une chaleur du c\u0153ur et des visages rayonnants que je ne connaissais plus gu\u00e8re. Bien s\u00fbr, cela m&#8217;a aussi marqu\u00e9, en plus du \u00ab Cora\u00e7ao no mar \u00bb (c\u0153ur dans la mer), comme on appelle au Portugal le lien intime avec la mer.<\/p>\n\n\n\n<p>Ma vie dans un espace restreint a \u00e9t\u00e9 r\u00e9compens\u00e9e par un horizon infini et beaucoup de calme. J&#8217;ai v\u00e9cu une distance par rapport \u00e0 un monde fou, plein de choses dont on n&#8217;a pas besoin, et une distance par rapport \u00e0 un monde plein de discours inutiles. Sortez de Babylone !!<\/p>\n\n\n\n<p>Janvier 2025<\/p>\n","protected":false},"excerpt":{"rendered":"<p>Ce n&#8217;est pas la mer,que nous conqu\u00e9rons,mais nous-m\u00eames. (d&#8217;apr\u00e8s Edmund Hillary) Bonjour et bienvenue Sur ces pages, je raconte mes exp\u00e9riences de navigation extraordinaires avec mon Waarschip 725, un petit bateau avec lequel j&#8217;ai parcouru les c\u00f4tes de l&#8217;Europe occidentale et de l&#8217;Atlantique. Habitant \u00e0 Hambourg, je m\u2019int\u00e9ressais \u00e0 l\u2019Europe de l\u2019Ouest et du Sud-Ouest. [&hellip;]<\/p>\n","protected":false},"author":7,"featured_media":0,"parent":0,"menu_order":0,"comment_status":"closed","ping_status":"closed","template":"page-templates\/front-page.php","meta":{"footnotes":""},"class_list":["post-979","page","type-page","status-publish","hentry"],"translation":{"provider":"WPGlobus","version":"3.0.2","language":"fr","enabled_languages":["de","gb","fr","es"],"languages":{"de":{"title":true,"content":true,"excerpt":false},"gb":{"title":true,"content":true,"excerpt":false},"fr":{"title":true,"content":true,"excerpt":false},"es":{"title":true,"content":true,"excerpt":false}}},"_links":{"self":[{"href":"https:\/\/waarschip-725-auf-langer-fahrt.de\/fr\/wp-json\/wp\/v2\/pages\/979","targetHints":{"allow":["GET"]}}],"collection":[{"href":"https:\/\/waarschip-725-auf-langer-fahrt.de\/fr\/wp-json\/wp\/v2\/pages"}],"about":[{"href":"https:\/\/waarschip-725-auf-langer-fahrt.de\/fr\/wp-json\/wp\/v2\/types\/page"}],"author":[{"embeddable":true,"href":"https:\/\/waarschip-725-auf-langer-fahrt.de\/fr\/wp-json\/wp\/v2\/users\/7"}],"replies":[{"embeddable":true,"href":"https:\/\/waarschip-725-auf-langer-fahrt.de\/fr\/wp-json\/wp\/v2\/comments?post=979"}],"version-history":[{"count":93,"href":"https:\/\/waarschip-725-auf-langer-fahrt.de\/fr\/wp-json\/wp\/v2\/pages\/979\/revisions"}],"predecessor-version":[{"id":5601,"href":"https:\/\/waarschip-725-auf-langer-fahrt.de\/fr\/wp-json\/wp\/v2\/pages\/979\/revisions\/5601"}],"wp:attachment":[{"href":"https:\/\/waarschip-725-auf-langer-fahrt.de\/fr\/wp-json\/wp\/v2\/media?parent=979"}],"curies":[{"name":"wp","href":"https:\/\/api.w.org\/{rel}","templated":true}]}}